	{"id":7368,"date":"2016-12-14T17:08:14","date_gmt":"2016-12-14T16:08:14","guid":{"rendered":"http:\/\/web.fundigex.es\/?page_id=7368"},"modified":"2021-03-23T13:10:52","modified_gmt":"2021-03-23T12:10:52","slug":"liens","status":"publish","type":"page","link":"https:\/\/www.fundigex.es\/fr\/liens","title":{"rendered":"Nos partenaires de collaboration"},"content":{"rendered":"<p>[vc_row][vc_column]<div class=\"ult-spacer spacer-69e890471f44d\" data-id=\"69e890471f44d\" data-height=\"40\" data-height-mobile=\"0\" data-height-tab=\"40\" data-height-tab-portrait=\"40\" data-height-mobile-landscape=\"0\" style=\"clear:both;display:block;\"><\/div><div id=\"ultimate-heading-50069e890471f4c5\" class=\"uvc-heading ult-adjust-bottom-margin ultimate-heading-50069e890471f4c5 uvc-7318 \" data-hspacer=\"line_only\"  data-halign=\"center\" style=\"text-align:center\"><div class=\"uvc-main-heading ult-responsive\"  data-ultimate-target='.uvc-heading.ultimate-heading-50069e890471f4c5 h2'  data-responsive-json-new='{\"font-size\":\"desktop:30px;\",\"line-height\":\"\"}' ><h2 style=\"font-family:&#039;Epilogue&#039;;font-style:italic;font-weight:800;color:#d8d8d8;margin-bottom:15px;\">Collaborations avec la presse<\/h2><\/div><div class=\"uvc-heading-spacer line_only\" style=\"margin-bottom:20px;height:1px;\"><span class=\"uvc-headings-line\" style=\"border-style:solid;border-bottom-width:1px;border-color:#62cbc9;width:120px;\"><\/span><\/div><\/div>[vc_row_inner][vc_column_inner width=\u00a0\u00bb1\/4&Prime;][vc_single_image image=\u00a0\u00bb2237&Prime; img_size=\u00a0\u00bbfull\u00a0\u00bb alignment=\u00a0\u00bbcenter\u00a0\u00bb onclick=\u00a0\u00bbcustom_link\u00a0\u00bb img_link_target=\u00a0\u00bb_blank\u00a0\u00bb image_hovers=\u00a0\u00bbfalse\u00a0\u00bb link=\u00a0\u00bbhttps:\/\/www.pedeca.es\/\u00a0\u00bb][vc_column_text]<\/p>\n<p style=\"text-align: center;\"><a href=\"http:\/\/www.pedeca.es\/\" target=\"_blank\" rel=\"noopener noreferrer\">FundiPress<\/a><\/p>\n<p>[\/vc_column_text][\/vc_column_inner][vc_column_inner width=\u00a0\u00bb1\/4&Prime;][vc_single_image image=\u00a0\u00bb2236&Prime; img_size=\u00a0\u00bbfull\u00a0\u00bb alignment=\u00a0\u00bbcenter\u00a0\u00bb onclick=\u00a0\u00bbcustom_link\u00a0\u00bb img_link_target=\u00a0\u00bb_blank\u00a0\u00bb image_hovers=\u00a0\u00bbfalse\u00a0\u00bb link=\u00a0\u00bbhttps:\/\/www.foundry-planet.com\/\u00a0\u00bb][vc_column_text]<\/p>\n<p style=\"text-align: center;\"><a href=\"https:\/\/www.foundry-planet.com\/\" target=\"_blank\" rel=\"nofollow noopener noreferrer\">Foundry Planet<\/a><\/p>\n<p>[\/vc_column_text][\/vc_column_inner][vc_column_inner width=\u00a0\u00bb1\/4&Prime;][vc_single_image image=\u00a0\u00bb2235&Prime; img_size=\u00a0\u00bbfull\u00a0\u00bb alignment=\u00a0\u00bbcenter\u00a0\u00bb onclick=\u00a0\u00bbcustom_link\u00a0\u00bb img_link_target=\u00a0\u00bb_blank\u00a0\u00bb image_hovers=\u00a0\u00bbfalse\u00a0\u00bb link=\u00a0\u00bbhttp:\/\/foundrygate.com\/br\/\u00a0\u00bb][vc_column_text]<\/p>\n<p style=\"text-align: center;\"><a href=\"http:\/\/foundrygate.com\" target=\"_blank\" rel=\"nofollow noopener noreferrer\">Foundrygate<\/a><\/p>\n<p>[\/vc_column_text][\/vc_column_inner][vc_column_inner width=\u00a0\u00bb1\/4&Prime;][vc_single_image image=\u00a0\u00bb36885&Prime; img_size=\u00a0\u00bbfull\u00a0\u00bb alignment=\u00a0\u00bbcenter\u00a0\u00bb onclick=\u00a0\u00bbcustom_link\u00a0\u00bb img_link_target=\u00a0\u00bb_blank\u00a0\u00bb image_hovers=\u00a0\u00bbfalse\u00a0\u00bb link=\u00a0\u00bbhttps:\/\/www.refractories-worldforum.com\/\u00a0\u00bb][vc_column_text]<\/p>\n<p style=\"text-align: center;\"><a href=\"http:\/\/www.refractories-worldforum.com\/\">Refractories\u00a0Worldforum<\/a><\/p>\n<p>[\/vc_column_text][\/vc_column_inner][\/vc_row_inner][vc_separator]<div id=\"ultimate-heading-437369e890471f521\" class=\"uvc-heading ult-adjust-bottom-margin ultimate-heading-437369e890471f521 uvc-195 \" data-hspacer=\"line_only\"  data-halign=\"center\" style=\"text-align:center\"><div class=\"uvc-main-heading ult-responsive\"  data-ultimate-target='.uvc-heading.ultimate-heading-437369e890471f521 h2'  data-responsive-json-new='{\"font-size\":\"desktop:30px;\",\"line-height\":\"\"}' ><h2 style=\"font-family:&#039;Epilogue&#039;;font-style:italic;font-weight:800;color:#d8d8d8;margin-bottom:15px;\">Institutions<\/h2><\/div><div class=\"uvc-heading-spacer line_only\" style=\"margin-bottom:20px;height:1px;\"><span class=\"uvc-headings-line\" style=\"border-style:solid;border-bottom-width:1px;border-color:#62cbc9;width:120px;\"><\/span><\/div><\/div>[vc_row_inner][vc_column_inner width=\u00a0\u00bb1\/4&Prime;][vc_single_image image=\u00a0\u00bb5547&Prime; img_size=\u00a0\u00bbfull\u00a0\u00bb alignment=\u00a0\u00bbcenter\u00a0\u00bb onclick=\u00a0\u00bbcustom_link\u00a0\u00bb img_link_target=\u00a0\u00bb_blank\u00a0\u00bb image_hovers=\u00a0\u00bbfalse\u00a0\u00bb link=\u00a0\u00bbhttps:\/\/www.pap.hacienda.gob.es\/sitios\/pap\/es-ES\/Paginas\/Inicio.aspx\u00a0\u00bb][vc_column_text]<\/p>\n<p style=\"text-align: center;\"><a href=\"http:\/\/www.pap.minhafp.gob.es\/sitios\/pap\/es-ES\/Paginas\/Inicio.aspx\" target=\"_blank\" rel=\"nofollow noopener noreferrer\">Uni\u00f3n Europea<\/a><\/p>\n<p>[\/vc_column_text][\/vc_column_inner][vc_column_inner width=\u00a0\u00bb1\/4&Prime;][vc_single_image image=\u00a0\u00bb5544&Prime; img_size=\u00a0\u00bbfull\u00a0\u00bb alignment=\u00a0\u00bbcenter\u00a0\u00bb onclick=\u00a0\u00bbcustom_link\u00a0\u00bb img_link_target=\u00a0\u00bb_blank\u00a0\u00bb image_hovers=\u00a0\u00bbfalse\u00a0\u00bb link=\u00a0\u00bbhttps:\/\/www.icex.es\/icex\/es\/index.html\u00a0\u00bb][vc_column_text]<\/p>\n<p style=\"text-align: center;\"><a href=\"http:\/\/www.icex.es\" target=\"_blank\" rel=\"nofollow noopener noreferrer\">ICEX<\/a><\/p>\n<p>[\/vc_column_text][\/vc_column_inner][vc_column_inner width=\u00a0\u00bb1\/4&Prime;][vc_single_image image=\u00a0\u00bb5545&Prime; img_size=\u00a0\u00bbfull\u00a0\u00bb alignment=\u00a0\u00bbcenter\u00a0\u00bb onclick=\u00a0\u00bbcustom_link\u00a0\u00bb img_link_target=\u00a0\u00bb_blank\u00a0\u00bb image_hovers=\u00a0\u00bbfalse\u00a0\u00bb link=\u00a0\u00bbhttps:\/\/portal.mineco.gob.es\/es-es\/Paginas\/default.aspx\u00a0\u00bb][vc_column_text]<\/p>\n<p style=\"text-align: center;\"><a href=\"http:\/\/www.mineco.gob.es\/\" target=\"_blank\" rel=\"nofollow noopener noreferrer\">Ministerio, Industria y Competitividad<\/a><\/p>\n<p>[\/vc_column_text][\/vc_column_inner][vc_column_inner width=\u00a0\u00bb1\/4&Prime;][vc_single_image image=\u00a0\u00bb5841&Prime; img_size=\u00a0\u00bbfull\u00a0\u00bb alignment=\u00a0\u00bbcenter\u00a0\u00bb onclick=\u00a0\u00bbcustom_link\u00a0\u00bb img_link_target=\u00a0\u00bb_blank\u00a0\u00bb image_hovers=\u00a0\u00bbfalse\u00a0\u00bb link=\u00a0\u00bbhttps:\/\/www.euskadi.eus\/gobierno-vasco\/inicio\/\u00a0\u00bb][vc_column_text]<\/p>\n<p style=\"text-align: center;\"><a href=\"http:\/\/www.euskadi.eus\/gobierno-vasco\/inicio\/\" target=\"_blank\" rel=\"noopener noreferrer\">Gobierno vasco<\/a><\/p>\n<p>[\/vc_column_text][\/vc_column_inner][\/vc_row_inner][vc_row_inner][vc_column_inner width=\u00a0\u00bb1\/4&Prime;][vc_single_image image=\u00a0\u00bb5840&Prime; img_size=\u00a0\u00bbfull\u00a0\u00bb alignment=\u00a0\u00bbcenter\u00a0\u00bb onclick=\u00a0\u00bbcustom_link\u00a0\u00bb img_link_target=\u00a0\u00bb_blank\u00a0\u00bb image_hovers=\u00a0\u00bbfalse\u00a0\u00bb link=\u00a0\u00bbhttps:\/\/www.spri.eus\/es\/\u00a0\u00bb][vc_column_text]<\/p>\n<p style=\"text-align: center;\"><a href=\"http:\/\/www.spri.eus\/es\" target=\"_blank\" rel=\"noopener noreferrer\">Grupo SPRI<\/a><\/p>\n<p>[\/vc_column_text][\/vc_column_inner][vc_column_inner width=\u00a0\u00bb1\/4&Prime;][vc_single_image image=\u00a0\u00bb5842&Prime; img_size=\u00a0\u00bbfull\u00a0\u00bb alignment=\u00a0\u00bbcenter\u00a0\u00bb onclick=\u00a0\u00bbcustom_link\u00a0\u00bb img_link_target=\u00a0\u00bb_blank\u00a0\u00bb image_hovers=\u00a0\u00bbfalse\u00a0\u00bb link=\u00a0\u00bbhttps:\/\/web.bizkaia.eus\/eu\/hasiera\u00a0\u00bb][vc_column_text]<\/p>\n<p style=\"text-align: center;\"><a href=\"http:\/\/web.bizkaia.eus\/eu\" target=\"_blank\" rel=\"noopener noreferrer\">Diputaci\u00f3n de Bizkaia\u00a0<\/a><\/p>\n<p>[\/vc_column_text][\/vc_column_inner][vc_column_inner width=\u00a0\u00bb1\/4&Prime;][vc_single_image image=\u00a0\u00bb2249&Prime; img_size=\u00a0\u00bbfull\u00a0\u00bb alignment=\u00a0\u00bbcenter\u00a0\u00bb onclick=\u00a0\u00bbcustom_link\u00a0\u00bb img_link_target=\u00a0\u00bb_blank\u00a0\u00bb image_hovers=\u00a0\u00bbfalse\u00a0\u00bb link=\u00a0\u00bbhttps:\/\/www.cesce.es\/\u00a0\u00bb][vc_column_text]<\/p>\n<p style=\"text-align: center;\"><a href=\"http:\/\/www.cesce.es\/\" target=\"_blank\" rel=\"nofollow noopener noreferrer\">Cesce<\/a><\/p>\n<p>[\/vc_column_text][\/vc_column_inner][vc_column_inner width=\u00a0\u00bb1\/4&Prime;][vc_single_image image=\u00a0\u00bb2245&Prime; img_size=\u00a0\u00bbfull\u00a0\u00bb alignment=\u00a0\u00bbcenter\u00a0\u00bb onclick=\u00a0\u00bbcustom_link\u00a0\u00bb img_link_target=\u00a0\u00bb_blank\u00a0\u00bb image_hovers=\u00a0\u00bbfalse\u00a0\u00bb link=\u00a0\u00bbhttps:\/\/www.coface.es\/\u00a0\u00bb][vc_column_text]<\/p>\n<p style=\"text-align: center;\"><a href=\"http:\/\/www.coface.es\/\" target=\"_blank\" rel=\"nofollow noopener noreferrer\">Coface<\/a><\/p>\n<p>[\/vc_column_text][\/vc_column_inner][\/vc_row_inner][vc_separator]<div id=\"ultimate-heading-590169e890471f56f\" class=\"uvc-heading ult-adjust-bottom-margin ultimate-heading-590169e890471f56f uvc-6549 \" data-hspacer=\"line_only\"  data-halign=\"center\" style=\"text-align:center\"><div class=\"uvc-main-heading ult-responsive\"  data-ultimate-target='.uvc-heading.ultimate-heading-590169e890471f56f h2'  data-responsive-json-new='{\"font-size\":\"desktop:30px;\",\"line-height\":\"\"}' ><h2 style=\"font-family:&#039;Epilogue&#039;;font-style:italic;font-weight:800;color:#d8d8d8;margin-bottom:15px;\">Associations<\/h2><\/div><div class=\"uvc-heading-spacer line_only\" style=\"margin-bottom:20px;height:1px;\"><span class=\"uvc-headings-line\" style=\"border-style:solid;border-bottom-width:1px;border-color:#62cbc9;width:120px;\"><\/span><\/div><\/div>[vc_row_inner][vc_column_inner width=\u00a0\u00bb1\/4&Prime;][vc_single_image image=\u00a0\u00bb82&Prime; img_size=\u00a0\u00bbfull\u00a0\u00bb alignment=\u00a0\u00bbcenter\u00a0\u00bb onclick=\u00a0\u00bbcustom_link\u00a0\u00bb img_link_target=\u00a0\u00bb_blank\u00a0\u00bb image_hovers=\u00a0\u00bbfalse\u00a0\u00bb link=\u00a0\u00bbhttps:\/\/agragex.es\/\u00a0\u00bb][vc_column_text]<\/p>\n<p style=\"text-align: center;\"><a href=\"http:\/\/agragex.es\/\" target=\"_blank\" rel=\"noopener noreferrer\">AGRAGEX<\/a><\/p>\n<p>[\/vc_column_text][\/vc_column_inner][vc_column_inner width=\u00a0\u00bb1\/4&Prime;][vc_single_image image=\u00a0\u00bb83&Prime; img_size=\u00a0\u00bbfull\u00a0\u00bb alignment=\u00a0\u00bbcenter\u00a0\u00bb onclick=\u00a0\u00bbcustom_link\u00a0\u00bb img_link_target=\u00a0\u00bb_blank\u00a0\u00bb image_hovers=\u00a0\u00bbfalse\u00a0\u00bb link=\u00a0\u00bbhttps:\/\/www.siderex.es\/\u00a0\u00bb][vc_column_text]<\/p>\n<p style=\"text-align: center;\"><a href=\"http:\/\/www.siderex.es\/\" target=\"_blank\" rel=\"noopener noreferrer\">SIDEREX<\/a><\/p>\n<p>[\/vc_column_text][\/vc_column_inner][vc_column_inner width=\u00a0\u00bb1\/4&Prime;][vc_single_image image=\u00a0\u00bb84&Prime; img_size=\u00a0\u00bbfull\u00a0\u00bb alignment=\u00a0\u00bbcenter\u00a0\u00bb onclick=\u00a0\u00bbcustom_link\u00a0\u00bb img_link_target=\u00a0\u00bb_blank\u00a0\u00bb image_hovers=\u00a0\u00bbfalse\u00a0\u00bb link=\u00a0\u00bbhttps:\/\/www.mafex.es\/\u00a0\u00bb][vc_column_text]<\/p>\n<p style=\"text-align: center;\"><a href=\"http:\/\/www.mafex.es\/\" target=\"_blank\" rel=\"noopener noreferrer\">MAFEX<\/a><\/p>\n<p>[\/vc_column_text][\/vc_column_inner][vc_column_inner width=\u00a0\u00bb1\/4&Prime;][vc_single_image image=\u00a0\u00bb36881&Prime; img_size=\u00a0\u00bbfull\u00a0\u00bb alignment=\u00a0\u00bbcenter\u00a0\u00bb onclick=\u00a0\u00bbcustom_link\u00a0\u00bb img_link_target=\u00a0\u00bb_blank\u00a0\u00bb image_hovers=\u00a0\u00bbfalse\u00a0\u00bb link=\u00a0\u00bbhttp:\/\/www.feaf.es\/Contenidos\/Ficha.aspx?IdMenu=A2238BD0-3048-4D9D-AB8C-C91C6FDFD475&amp;Idioma=es-ES\u00a0\u00bb][vc_column_text]<\/p>\n<p style=\"text-align: center;\"><a href=\"http:\/\/www.feaf.es\/Contenidos\/Ficha.aspx?IdMenu=A2238BD0-3048-4D9D-AB8C-C91C6FDFD475&amp;Idioma=es-ES\" target=\"_blank\" rel=\"noopener noreferrer\">FEAF<\/a><\/p>\n<p>[\/vc_column_text][\/vc_column_inner][\/vc_row_inner][\/vc_column][\/vc_row]<\/p>\n","protected":false},"excerpt":{"rendered":"<p>[vc_row][vc_column][vc_row_inner][vc_column_inner width=\u00a0\u00bb1\/4&Prime;][vc_single_image image=\u00a0\u00bb2237&Prime; img_size=\u00a0\u00bbfull\u00a0\u00bb alignment=\u00a0\u00bbcenter\u00a0\u00bb onclick=\u00a0\u00bbcustom_link\u00a0\u00bb img_link_target=\u00a0\u00bb_blank\u00a0\u00bb image_hovers=\u00a0\u00bbfalse\u00a0\u00bb link=\u00a0\u00bbhttps:\/\/www.pedeca.es\/\u00a0\u00bb][vc_column_text] FundiPress [\/vc_column_text][\/vc_column_inner][vc_column_inner width=\u00a0\u00bb1\/4&Prime;][vc_single_image image=\u00a0\u00bb2236&Prime; img_size=\u00a0\u00bbfull\u00a0\u00bb alignment=\u00a0\u00bbcenter\u00a0\u00bb onclick=\u00a0\u00bbcustom_link\u00a0\u00bb img_link_target=\u00a0\u00bb_blank\u00a0\u00bb image_hovers=\u00a0\u00bbfalse\u00a0\u00bb link=\u00a0\u00bbhttps:\/\/www.foundry-planet.com\/\u00a0\u00bb][vc_column_text] Foundry Planet [\/vc_column_text][\/vc_column_inner][vc_column_inner width=\u00a0\u00bb1\/4&Prime;][vc_single_image image=\u00a0\u00bb2235&Prime; img_size=\u00a0\u00bbfull\u00a0\u00bb alignment=\u00a0\u00bbcenter\u00a0\u00bb onclick=\u00a0\u00bbcustom_link\u00a0\u00bb img_link_target=\u00a0\u00bb_blank\u00a0\u00bb image_hovers=\u00a0\u00bbfalse\u00a0\u00bb link=\u00a0\u00bbhttp:\/\/foundrygate.com\/br\/\u00a0\u00bb][vc_column_text] Foundrygate [\/vc_column_text][\/vc_column_inner][vc_column_inner width=\u00a0\u00bb1\/4&Prime;][vc_single_image image=\u00a0\u00bb36885&Prime; img_size=\u00a0\u00bbfull\u00a0\u00bb alignment=\u00a0\u00bbcenter\u00a0\u00bb onclick=\u00a0\u00bbcustom_link\u00a0\u00bb img_link_target=\u00a0\u00bb_blank\u00a0\u00bb image_hovers=\u00a0\u00bbfalse\u00a0\u00bb link=\u00a0\u00bbhttps:\/\/www.refractories-worldforum.com\/\u00a0\u00bb][vc_column_text] Refractories\u00a0Worldforum [\/vc_column_text][\/vc_column_inner][\/vc_row_inner][vc_separator][vc_row_inner][vc_column_inner width=\u00a0\u00bb1\/4&Prime;][vc_single_image image=\u00a0\u00bb5547&Prime; img_size=\u00a0\u00bbfull\u00a0\u00bb alignment=\u00a0\u00bbcenter\u00a0\u00bb onclick=\u00a0\u00bbcustom_link\u00a0\u00bb img_link_target=\u00a0\u00bb_blank\u00a0\u00bb image_hovers=\u00a0\u00bbfalse\u00a0\u00bb link=\u00a0\u00bbhttps:\/\/www.pap.hacienda.gob.es\/sitios\/pap\/es-ES\/Paginas\/Inicio.aspx\u00a0\u00bb][vc_column_text] Uni\u00f3n Europea [\/vc_column_text][\/vc_column_inner][vc_column_inner width=\u00a0\u00bb1\/4&Prime;][vc_single_image image=\u00a0\u00bb5544&Prime;&hellip;<\/p>\n","protected":false},"author":2,"featured_media":0,"parent":0,"menu_order":160,"comment_status":"closed","ping_status":"closed","template":"","meta":[],"acf":[],"yoast_head":"<!-- This site is optimized with the Yoast SEO plugin v20.1 - https:\/\/yoast.com\/wordpress\/plugins\/seo\/ -->\n<title>Nos partenaires de collaboration - FUNDIGEX<\/title>\n<meta name=\"robots\" content=\"index, follow, max-snippet:-1, max-image-preview:large, max-video-preview:-1\" \/>\n<link rel=\"canonical\" href=\"https:\/\/www.fundigex.es\/fr\/liens\" \/>\n<meta property=\"og:locale\" content=\"fr_FR\" \/>\n<meta property=\"og:type\" content=\"article\" \/>\n<meta property=\"og:title\" content=\"Nos partenaires de collaboration - FUNDIGEX\" \/>\n<meta property=\"og:description\" content=\"[vc_row][vc_column][vc_row_inner][vc_column_inner width=\u00a0\u00bb1\/4&Prime;][vc_single_image image=\u00a0\u00bb2237&Prime; img_size=\u00a0\u00bbfull\u00a0\u00bb alignment=\u00a0\u00bbcenter\u00a0\u00bb onclick=\u00a0\u00bbcustom_link\u00a0\u00bb img_link_target=\u00a0\u00bb_blank\u00a0\u00bb image_hovers=\u00a0\u00bbfalse\u00a0\u00bb link=\u00a0\u00bbhttps:\/\/www.pedeca.es\/\u00a0\u00bb][vc_column_text] FundiPress [\/vc_column_text][\/vc_column_inner][vc_column_inner width=\u00a0\u00bb1\/4&Prime;][vc_single_image image=\u00a0\u00bb2236&Prime; img_size=\u00a0\u00bbfull\u00a0\u00bb alignment=\u00a0\u00bbcenter\u00a0\u00bb onclick=\u00a0\u00bbcustom_link\u00a0\u00bb img_link_target=\u00a0\u00bb_blank\u00a0\u00bb image_hovers=\u00a0\u00bbfalse\u00a0\u00bb link=\u00a0\u00bbhttps:\/\/www.foundry-planet.com\/\u00a0\u00bb][vc_column_text] Foundry Planet [\/vc_column_text][\/vc_column_inner][vc_column_inner width=\u00a0\u00bb1\/4&Prime;][vc_single_image image=\u00a0\u00bb2235&Prime; img_size=\u00a0\u00bbfull\u00a0\u00bb alignment=\u00a0\u00bbcenter\u00a0\u00bb onclick=\u00a0\u00bbcustom_link\u00a0\u00bb img_link_target=\u00a0\u00bb_blank\u00a0\u00bb image_hovers=\u00a0\u00bbfalse\u00a0\u00bb link=\u00a0\u00bbhttp:\/\/foundrygate.com\/br\/\u00a0\u00bb][vc_column_text] Foundrygate [\/vc_column_text][\/vc_column_inner][vc_column_inner width=\u00a0\u00bb1\/4&Prime;][vc_single_image image=\u00a0\u00bb36885&Prime; img_size=\u00a0\u00bbfull\u00a0\u00bb alignment=\u00a0\u00bbcenter\u00a0\u00bb onclick=\u00a0\u00bbcustom_link\u00a0\u00bb img_link_target=\u00a0\u00bb_blank\u00a0\u00bb image_hovers=\u00a0\u00bbfalse\u00a0\u00bb link=\u00a0\u00bbhttps:\/\/www.refractories-worldforum.com\/\u00a0\u00bb][vc_column_text] Refractories\u00a0Worldforum [\/vc_column_text][\/vc_column_inner][\/vc_row_inner][vc_separator][vc_row_inner][vc_column_inner width=\u00a0\u00bb1\/4&Prime;][vc_single_image image=\u00a0\u00bb5547&Prime; img_size=\u00a0\u00bbfull\u00a0\u00bb alignment=\u00a0\u00bbcenter\u00a0\u00bb onclick=\u00a0\u00bbcustom_link\u00a0\u00bb img_link_target=\u00a0\u00bb_blank\u00a0\u00bb image_hovers=\u00a0\u00bbfalse\u00a0\u00bb link=\u00a0\u00bbhttps:\/\/www.pap.hacienda.gob.es\/sitios\/pap\/es-ES\/Paginas\/Inicio.aspx\u00a0\u00bb][vc_column_text] Uni\u00f3n Europea [\/vc_column_text][\/vc_column_inner][vc_column_inner width=\u00a0\u00bb1\/4&Prime;][vc_single_image image=\u00a0\u00bb5544&Prime;&hellip;\" \/>\n<meta property=\"og:url\" content=\"https:\/\/www.fundigex.es\/fr\/liens\" \/>\n<meta property=\"og:site_name\" content=\"FUNDIGEX\" \/>\n<meta property=\"article:modified_time\" content=\"2021-03-23T12:10:52+00:00\" \/>\n<meta name=\"twitter:card\" content=\"summary_large_image\" \/>\n<meta name=\"twitter:label1\" content=\"Dur\u00e9e de lecture estim\u00e9e\" \/>\n\t<meta name=\"twitter:data1\" content=\"5 minutes\" \/>\n<script type=\"application\/ld+json\" class=\"yoast-schema-graph\">{\"@context\":\"https:\/\/schema.org\",\"@graph\":[{\"@type\":\"WebPage\",\"@id\":\"https:\/\/www.fundigex.es\/fr\/liens\",\"url\":\"https:\/\/www.fundigex.es\/fr\/liens\",\"name\":\"Nos partenaires de collaboration - FUNDIGEX\",\"isPartOf\":{\"@id\":\"https:\/\/www.fundigex.es\/fr\/#website\"},\"datePublished\":\"2016-12-14T16:08:14+00:00\",\"dateModified\":\"2021-03-23T12:10:52+00:00\",\"breadcrumb\":{\"@id\":\"https:\/\/www.fundigex.es\/fr\/liens#breadcrumb\"},\"inLanguage\":\"fr-FR\",\"potentialAction\":[{\"@type\":\"ReadAction\",\"target\":[\"https:\/\/www.fundigex.es\/fr\/liens\"]}]},{\"@type\":\"BreadcrumbList\",\"@id\":\"https:\/\/www.fundigex.es\/fr\/liens#breadcrumb\",\"itemListElement\":[{\"@type\":\"ListItem\",\"position\":1,\"name\":\"Portada\",\"item\":\"https:\/\/www.fundigex.es\/fr\"},{\"@type\":\"ListItem\",\"position\":2,\"name\":\"Nos partenaires de collaboration\"}]},{\"@type\":\"WebSite\",\"@id\":\"https:\/\/www.fundigex.es\/fr\/#website\",\"url\":\"https:\/\/www.fundigex.es\/fr\/\",\"name\":\"FUNDIGEX\",\"description\":\"Asociaci\u00f3n Espa\u00f1ola de Exportadores de Fundici\u00f3n\",\"publisher\":{\"@id\":\"https:\/\/www.fundigex.es\/fr\/#organization\"},\"potentialAction\":[{\"@type\":\"SearchAction\",\"target\":{\"@type\":\"EntryPoint\",\"urlTemplate\":\"https:\/\/www.fundigex.es\/fr\/?s={search_term_string}\"},\"query-input\":\"required name=search_term_string\"}],\"inLanguage\":\"fr-FR\"},{\"@type\":\"Organization\",\"@id\":\"https:\/\/www.fundigex.es\/fr\/#organization\",\"name\":\"FUNDIGEX\",\"url\":\"https:\/\/www.fundigex.es\/fr\/\",\"logo\":{\"@type\":\"ImageObject\",\"inLanguage\":\"fr-FR\",\"@id\":\"https:\/\/www.fundigex.es\/fr\/#\/schema\/logo\/image\/\",\"url\":\"https:\/\/www.fundigex.es\/files\/2023\/07\/FUNDIGEX-LOGO-AltaResolucion.png\",\"contentUrl\":\"https:\/\/www.fundigex.es\/files\/2023\/07\/FUNDIGEX-LOGO-AltaResolucion.png\",\"width\":3438,\"height\":1690,\"caption\":\"FUNDIGEX\"},\"image\":{\"@id\":\"https:\/\/www.fundigex.es\/fr\/#\/schema\/logo\/image\/\"},\"sameAs\":[\"https:\/\/www.linkedin.com\/company\/fundigex-castings-and-foundry-suppliers\/?viewAsMember=true\"]}]}<\/script>\n<!-- \/ Yoast SEO plugin. -->","yoast_head_json":{"title":"Nos partenaires de collaboration - FUNDIGEX","robots":{"index":"index","follow":"follow","max-snippet":"max-snippet:-1","max-image-preview":"max-image-preview:large","max-video-preview":"max-video-preview:-1"},"canonical":"https:\/\/www.fundigex.es\/fr\/liens","og_locale":"fr_FR","og_type":"article","og_title":"Nos partenaires de collaboration - FUNDIGEX","og_description":"[vc_row][vc_column][vc_row_inner][vc_column_inner width=\u00a0\u00bb1\/4&Prime;][vc_single_image image=\u00a0\u00bb2237&Prime; img_size=\u00a0\u00bbfull\u00a0\u00bb alignment=\u00a0\u00bbcenter\u00a0\u00bb onclick=\u00a0\u00bbcustom_link\u00a0\u00bb img_link_target=\u00a0\u00bb_blank\u00a0\u00bb image_hovers=\u00a0\u00bbfalse\u00a0\u00bb link=\u00a0\u00bbhttps:\/\/www.pedeca.es\/\u00a0\u00bb][vc_column_text] FundiPress [\/vc_column_text][\/vc_column_inner][vc_column_inner width=\u00a0\u00bb1\/4&Prime;][vc_single_image image=\u00a0\u00bb2236&Prime; img_size=\u00a0\u00bbfull\u00a0\u00bb alignment=\u00a0\u00bbcenter\u00a0\u00bb onclick=\u00a0\u00bbcustom_link\u00a0\u00bb img_link_target=\u00a0\u00bb_blank\u00a0\u00bb image_hovers=\u00a0\u00bbfalse\u00a0\u00bb link=\u00a0\u00bbhttps:\/\/www.foundry-planet.com\/\u00a0\u00bb][vc_column_text] Foundry Planet [\/vc_column_text][\/vc_column_inner][vc_column_inner width=\u00a0\u00bb1\/4&Prime;][vc_single_image image=\u00a0\u00bb2235&Prime; img_size=\u00a0\u00bbfull\u00a0\u00bb alignment=\u00a0\u00bbcenter\u00a0\u00bb onclick=\u00a0\u00bbcustom_link\u00a0\u00bb img_link_target=\u00a0\u00bb_blank\u00a0\u00bb image_hovers=\u00a0\u00bbfalse\u00a0\u00bb link=\u00a0\u00bbhttp:\/\/foundrygate.com\/br\/\u00a0\u00bb][vc_column_text] Foundrygate [\/vc_column_text][\/vc_column_inner][vc_column_inner width=\u00a0\u00bb1\/4&Prime;][vc_single_image image=\u00a0\u00bb36885&Prime; img_size=\u00a0\u00bbfull\u00a0\u00bb alignment=\u00a0\u00bbcenter\u00a0\u00bb onclick=\u00a0\u00bbcustom_link\u00a0\u00bb img_link_target=\u00a0\u00bb_blank\u00a0\u00bb image_hovers=\u00a0\u00bbfalse\u00a0\u00bb link=\u00a0\u00bbhttps:\/\/www.refractories-worldforum.com\/\u00a0\u00bb][vc_column_text] Refractories\u00a0Worldforum [\/vc_column_text][\/vc_column_inner][\/vc_row_inner][vc_separator][vc_row_inner][vc_column_inner width=\u00a0\u00bb1\/4&Prime;][vc_single_image image=\u00a0\u00bb5547&Prime; img_size=\u00a0\u00bbfull\u00a0\u00bb alignment=\u00a0\u00bbcenter\u00a0\u00bb onclick=\u00a0\u00bbcustom_link\u00a0\u00bb img_link_target=\u00a0\u00bb_blank\u00a0\u00bb image_hovers=\u00a0\u00bbfalse\u00a0\u00bb link=\u00a0\u00bbhttps:\/\/www.pap.hacienda.gob.es\/sitios\/pap\/es-ES\/Paginas\/Inicio.aspx\u00a0\u00bb][vc_column_text] Uni\u00f3n Europea [\/vc_column_text][\/vc_column_inner][vc_column_inner width=\u00a0\u00bb1\/4&Prime;][vc_single_image image=\u00a0\u00bb5544&Prime;&hellip;","og_url":"https:\/\/www.fundigex.es\/fr\/liens","og_site_name":"FUNDIGEX","article_modified_time":"2021-03-23T12:10:52+00:00","twitter_card":"summary_large_image","twitter_misc":{"Dur\u00e9e de lecture estim\u00e9e":"5 minutes"},"schema":{"@context":"https:\/\/schema.org","@graph":[{"@type":"WebPage","@id":"https:\/\/www.fundigex.es\/fr\/liens","url":"https:\/\/www.fundigex.es\/fr\/liens","name":"Nos partenaires de collaboration - FUNDIGEX","isPartOf":{"@id":"https:\/\/www.fundigex.es\/fr\/#website"},"datePublished":"2016-12-14T16:08:14+00:00","dateModified":"2021-03-23T12:10:52+00:00","breadcrumb":{"@id":"https:\/\/www.fundigex.es\/fr\/liens#breadcrumb"},"inLanguage":"fr-FR","potentialAction":[{"@type":"ReadAction","target":["https:\/\/www.fundigex.es\/fr\/liens"]}]},{"@type":"BreadcrumbList","@id":"https:\/\/www.fundigex.es\/fr\/liens#breadcrumb","itemListElement":[{"@type":"ListItem","position":1,"name":"Portada","item":"https:\/\/www.fundigex.es\/fr"},{"@type":"ListItem","position":2,"name":"Nos partenaires de collaboration"}]},{"@type":"WebSite","@id":"https:\/\/www.fundigex.es\/fr\/#website","url":"https:\/\/www.fundigex.es\/fr\/","name":"FUNDIGEX","description":"Asociaci\u00f3n Espa\u00f1ola de Exportadores de Fundici\u00f3n","publisher":{"@id":"https:\/\/www.fundigex.es\/fr\/#organization"},"potentialAction":[{"@type":"SearchAction","target":{"@type":"EntryPoint","urlTemplate":"https:\/\/www.fundigex.es\/fr\/?s={search_term_string}"},"query-input":"required name=search_term_string"}],"inLanguage":"fr-FR"},{"@type":"Organization","@id":"https:\/\/www.fundigex.es\/fr\/#organization","name":"FUNDIGEX","url":"https:\/\/www.fundigex.es\/fr\/","logo":{"@type":"ImageObject","inLanguage":"fr-FR","@id":"https:\/\/www.fundigex.es\/fr\/#\/schema\/logo\/image\/","url":"https:\/\/www.fundigex.es\/files\/2023\/07\/FUNDIGEX-LOGO-AltaResolucion.png","contentUrl":"https:\/\/www.fundigex.es\/files\/2023\/07\/FUNDIGEX-LOGO-AltaResolucion.png","width":3438,"height":1690,"caption":"FUNDIGEX"},"image":{"@id":"https:\/\/www.fundigex.es\/fr\/#\/schema\/logo\/image\/"},"sameAs":["https:\/\/www.linkedin.com\/company\/fundigex-castings-and-foundry-suppliers\/?viewAsMember=true"]}]}},"_links":{"self":[{"href":"https:\/\/www.fundigex.es\/fr\/wp-json\/wp\/v2\/pages\/7368"}],"collection":[{"href":"https:\/\/www.fundigex.es\/fr\/wp-json\/wp\/v2\/pages"}],"about":[{"href":"https:\/\/www.fundigex.es\/fr\/wp-json\/wp\/v2\/types\/page"}],"author":[{"embeddable":true,"href":"https:\/\/www.fundigex.es\/fr\/wp-json\/wp\/v2\/users\/2"}],"replies":[{"embeddable":true,"href":"https:\/\/www.fundigex.es\/fr\/wp-json\/wp\/v2\/comments?post=7368"}],"version-history":[{"count":0,"href":"https:\/\/www.fundigex.es\/fr\/wp-json\/wp\/v2\/pages\/7368\/revisions"}],"wp:attachment":[{"href":"https:\/\/www.fundigex.es\/fr\/wp-json\/wp\/v2\/media?parent=7368"}],"curies":[{"name":"wp","href":"https:\/\/api.w.org\/{rel}","templated":true}]}}