	{"id":6902,"date":"2016-11-03T18:11:23","date_gmt":"2016-11-03T17:11:23","guid":{"rendered":"http:\/\/web.fundigex.es\/?page_id=6902"},"modified":"2021-03-24T13:37:31","modified_gmt":"2021-03-24T12:37:31","slug":"company-directory-foundries","status":"publish","type":"page","link":"https:\/\/www.fundigex.es\/en\/company-directory-foundries","title":{"rendered":"Company directory foundries"},"content":{"rendered":"<p>[vc_row full_width=&#8221;stretch_row&#8221; css=&#8221;.vc_custom_1612369663391{padding-bottom: 30px !important;background-color: #f8f8f8 !important;}&#8221;][vc_column width=&#8221;1\/4&#8243;][\/vc_column][vc_column width=&#8221;1\/2&#8243;]<div id=\"ultimate-heading-275469f4f9eb438b4\" class=\"uvc-heading ult-adjust-bottom-margin ultimate-heading-275469f4f9eb438b4 uvc-8129 \" data-hspacer=\"no_spacer\"  data-halign=\"center\" style=\"text-align:center\"><div class=\"uvc-heading-spacer no_spacer\" style=\"top\"><\/div><div class=\"uvc-main-heading ult-responsive\"  data-ultimate-target='.uvc-heading.ultimate-heading-275469f4f9eb438b4 h2'  data-responsive-json-new='{\"font-size\":\"desktop:24px;\",\"line-height\":\"desktop:34px;\"}' ><h2 style=\"font-family:&#039;Epilogue&#039;;font-weight:200;color:#8b8d94;margin-bottom:10px;\">Can we help you find the right foundry for your parts?<\/h2><\/div><div class=\"uvc-sub-heading ult-responsive\"  data-ultimate-target='.uvc-heading.ultimate-heading-275469f4f9eb438b4 .uvc-sub-heading '  data-responsive-json-new='{\"font-size\":\"desktop:15px;\",\"line-height\":\"desktop:20px;\"}'  style=\"font-weight:normal;color:#62cbc9;\">Drop us an e-mail at <strong> <u><a style=\"color: #62cbc9;\" href=\"mailto:fundigex@fundigex.es\">fundigex@fundigex.es<\/a><\/u><\/strong><br \/>\n<\/div><\/div>[\/vc_column][vc_column width=&#8221;1\/4&#8243;][\/vc_column][\/vc_row][vc_row full_width=&#8221;stretch_row&#8221; bg_type=&#8221;image&#8221; css=&#8221;.vc_custom_1606917285164{padding-bottom: 40px !important;background-position: center !important;background-repeat: no-repeat !important;background-size: cover !important;}&#8221;][vc_column][vc_column_text]<div class='grid-partners grid'><div class='grid-item empresa'><a href='https:\/\/www.fundigex.es\/en\/empresa\/aceros-moldeados-de-lacunza-sa'>\n              <img src='https:\/\/www.fundigex.es\/files\/2016\/12\/logotipo-aml.jpg' alt='ACEROS MOLDEADOS DE LACUNZA, S. A.' \/>\n              <h2>ACEROS MOLDEADOS DE LACUNZA, S. A.<\/h2>\n            <\/a><\/a><\/div><div class='grid-item empresa'><a href='https:\/\/www.fundigex.es\/en\/empresa\/alu-gap-grupo-aluminios-de-precisin-s-l'>\n              <img src='https:\/\/www.fundigex.es\/files\/2016\/12\/logotipo-alu-gap.jpg' alt='alu-GAP  GRUPO ALUMINIOS DE PRECISION, S.L.U.' \/>\n              <h2>alu-GAP  GRUPO ALUMINIOS DE PRECISION, S.L.U.<\/h2>\n            <\/a><\/a><\/div><div class='grid-item empresa'><a href='https:\/\/www.fundigex.es\/en\/empresa\/ampo-s-coop'>\n              <img src='https:\/\/www.fundigex.es\/files\/2017\/04\/Ampo_Logo_Web-1000x1000.jpg' alt='AMPO, S. COOP.' \/>\n              <h2>AMPO, S. COOP.<\/h2>\n            <\/a><\/a><\/div><div class='grid-item empresa'><a href='https:\/\/www.fundigex.es\/en\/empresa\/amurrio-ferrocarril-y-equipos-s-a'>\n              <img src='https:\/\/www.fundigex.es\/files\/2016\/12\/logotipo-amurrio-ferrocarril.jpg' alt='AMURRIO FERROCARRIL Y EQUIPOS, S. A.' \/>\n              <h2>AMURRIO FERROCARRIL Y EQUIPOS, S. A.<\/h2>\n            <\/a><\/a><\/div><div class='grid-item empresa'><a href='https:\/\/www.fundigex.es\/en\/empresa\/apd-aleaciones-prealeaciones-y-desoxidantes-s-l'>\n              <img src='https:\/\/www.fundigex.es\/files\/2024\/01\/LogoWeb2.png' alt='APD &#8211; ALEACIONES PREALEACIONES Y DESOXIDANTES, S.L.' \/>\n              <h2>APD &#8211; ALEACIONES PREALEACIONES Y DESOXIDANTES, S.L.<\/h2>\n            <\/a><\/a><\/div><div class='grid-item empresa'><a href='https:\/\/www.fundigex.es\/en\/empresa\/fundiciones-joaquin-bereciartu-s'>\n              <img src='https:\/\/www.fundigex.es\/files\/2018\/01\/bereciartu_urdina.png' alt='BERECIARTU STEEL CASTINGS, S.A.' \/>\n              <h2>BERECIARTU STEEL CASTINGS, S.A.<\/h2>\n            <\/a><\/a><\/div><div class='grid-item empresa'><a href='https:\/\/www.fundigex.es\/en\/empresa\/betsaide-s-l'>\n              <img src='https:\/\/www.fundigex.es\/files\/2020\/04\/BetsaideLogo2025Web.png' alt='BETSAIDE S.A.L.' \/>\n              <h2>BETSAIDE S.A.L.<\/h2>\n            <\/a><\/a><\/div><div class='grid-item empresa'><a href='https:\/\/www.fundigex.es\/en\/empresa\/delta-valencia-s-l'>\n              <img src='https:\/\/www.fundigex.es\/files\/2021\/03\/DeltaValenciaNuevoLogo.png' alt='DELTA VALENCIA, S.L.' \/>\n              <h2>DELTA VALENCIA, S.L.<\/h2>\n            <\/a><\/a><\/div><div class='grid-item empresa'><a href='https:\/\/www.fundigex.es\/en\/empresa\/ditalen-s-l'>\n              <img src='https:\/\/www.fundigex.es\/files\/2016\/12\/logotipo-ditalen.jpg' alt='DITALEN, S.L.' \/>\n              <h2>DITALEN, S.L.<\/h2>\n            <\/a><\/a><\/div><div class='grid-item empresa'><a href='https:\/\/www.fundigex.es\/en\/empresa\/ebroacero-s-a'>\n              <img src='https:\/\/www.fundigex.es\/files\/2021\/12\/LogoEbroacero0211209-1000x1000.png' alt='EBROACERO, S. A.' \/>\n              <h2>EBROACERO, S. A.<\/h2>\n            <\/a><\/a><\/div><div class='grid-item empresa'><a href='https:\/\/www.fundigex.es\/en\/empresa\/ecrimesa-investment-casting-mimecrisa-metal-injection-moulding'>\n              <img src='https:\/\/www.fundigex.es\/files\/2022\/02\/EcrimesaLogoWeb.png' alt='ECRIMESA INVESTMENT CASTING' \/>\n              <h2>ECRIMESA INVESTMENT CASTING<\/h2>\n            <\/a><\/a><\/div><div class='grid-item empresa'><a href='https:\/\/www.fundigex.es\/en\/empresa\/eibar-precision-casting-s-l'>\n              <img src='https:\/\/www.fundigex.es\/files\/2023\/03\/EipcLogoWeb.png' alt='EIBAR PRECISION CASTING, S.L.' \/>\n              <h2>EIBAR PRECISION CASTING, S.L.<\/h2>\n            <\/a><\/a><\/div><div class='grid-item empresa'><a href='https:\/\/www.fundigex.es\/en\/empresa\/freeze-cast-europa-s-l'>\n              <img src='https:\/\/www.fundigex.es\/files\/2016\/12\/FreezeCastLogo.jpg' alt='FREEZE CAST EUROPA, S. L.' \/>\n              <h2>FREEZE CAST EUROPA, S. L.<\/h2>\n            <\/a><\/a><\/div><div class='grid-item empresa'><a href='https:\/\/www.fundigex.es\/en\/empresa\/fundicin-de-aluminio-por-gravedad-s-l-fag'>\n              <img src='https:\/\/www.fundigex.es\/files\/2016\/12\/logotipo-fundiciona-aluminio-gravedad.jpg' alt='FUNDICION DE ALUMINIO POR GRAVEDAD, S. L. FAG' \/>\n              <h2>FUNDICION DE ALUMINIO POR GRAVEDAD, S. L. FAG<\/h2>\n            <\/a><\/a><\/div><div class='grid-item empresa'><a href='https:\/\/www.fundigex.es\/en\/empresa\/fundiciones-aizpurua-s-a'>\n              <img src='https:\/\/www.fundigex.es\/files\/2021\/01\/FA-GET-YOUR-BRONZE-Web.jpg' alt='FUNDICIONES AIZPURUA, S.A.' \/>\n              <h2>FUNDICIONES AIZPURUA, S.A.<\/h2>\n            <\/a><\/a><\/div><div class='grid-item empresa'><a href='https:\/\/www.fundigex.es\/en\/empresa\/fundiciones-carg-s-l'>\n              <img src='https:\/\/www.fundigex.es\/files\/2016\/12\/fundiciones-fundiciones-carg.jpg' alt='FUNDICIONES CARG, S.L.' \/>\n              <h2>FUNDICIONES CARG, S.L.<\/h2>\n            <\/a><\/a><\/div><div class='grid-item empresa'><a href='https:\/\/www.fundigex.es\/en\/empresa\/fundiciones-de-aceros-especiales-d-s-l'>\n              <img src='https:\/\/www.fundigex.es\/files\/2016\/12\/faed.jpg' alt='FUNDICIONES DE ACEROS ESPECIALES D, S. L.' \/>\n              <h2>FUNDICIONES DE ACEROS ESPECIALES D, S. L.<\/h2>\n            <\/a><\/a><\/div><div class='grid-item empresa'><a href='https:\/\/www.fundigex.es\/en\/empresa\/fundiciones-odena-s-funosa'>\n              <img src='https:\/\/www.fundigex.es\/files\/2019\/06\/FunosaLogoWeb2025.png' alt='FUNDICIONES DE \u00d3DENA, S.A. &#8211; FUNOSA' \/>\n              <h2>FUNDICIONES DE \u00d3DENA, S.A. &#8211; FUNOSA<\/h2>\n            <\/a><\/a><\/div><div class='grid-item empresa'><a href='https:\/\/www.fundigex.es\/en\/empresa\/fundiciones-de-roda-s-a'>\n              <img src='https:\/\/www.fundigex.es\/files\/2025\/12\/Logo-FR-Web-1000x1000.jpg' alt='FUNDICIONES DE RODA, S.A.' \/>\n              <h2>FUNDICIONES DE RODA, S.A.<\/h2>\n            <\/a><\/a><\/div><div class='grid-item empresa'><a href='https:\/\/www.fundigex.es\/en\/empresa\/estanda'>\n              <img src='https:\/\/www.fundigex.es\/files\/2016\/12\/LogoEstanda0211222-1000x1000.png' alt='FUNDICIONES DEL ESTANDA, S.A.' \/>\n              <h2>FUNDICIONES DEL ESTANDA, S.A.<\/h2>\n            <\/a><\/a><\/div><div class='grid-item empresa'><a href='https:\/\/www.fundigex.es\/en\/empresa\/fundiciones-fumbarri-durango-s-a'>\n              <img src='https:\/\/www.fundigex.es\/files\/2016\/12\/FumbarriLogoWeb-1.png' alt='FUNDICIONES FUMBARRI DURANGO, S. A.' \/>\n              <h2>FUNDICIONES FUMBARRI DURANGO, S. A.<\/h2>\n            <\/a><\/a><\/div><div class='grid-item empresa'><a href='https:\/\/www.fundigex.es\/en\/empresa\/fundiciones-goicoechea-s-l'>\n              <img src='https:\/\/www.fundigex.es\/files\/2016\/12\/logotipo-fundiciones-goikoetxea.jpg' alt='FUNDICIONES GOICOECHEA, S.L.' \/>\n              <h2>FUNDICIONES GOICOECHEA, S.L.<\/h2>\n            <\/a><\/a><\/div><div class='grid-item empresa'><a href='https:\/\/www.fundigex.es\/en\/empresa\/fundiciones-julcar-s-l'>\n              <img src='https:\/\/www.fundigex.es\/files\/2016\/12\/logotipo-julcar.jpg' alt='FUNDICIONES JULCAR, S. L.' \/>\n              <h2>FUNDICIONES JULCAR, S. L.<\/h2>\n            <\/a><\/a><\/div><div class='grid-item empresa'><a href='https:\/\/www.fundigex.es\/en\/empresa\/fundiciones-metalicas-san-vicente-s-coop-fundiciones-san-vicente'>\n              <img src='https:\/\/www.fundigex.es\/files\/2026\/03\/LogoFundicionesSanVicenteWeb1.jpg' alt='FUNDICIONES MET\u00c1LICAS SAN VICENTE, S.COOP.  (FUNDICIONES SAN VICENTE)' \/>\n              <h2>FUNDICIONES MET\u00c1LICAS SAN VICENTE, S.COOP.  (FUNDICIONES SAN VICENTE)<\/h2>\n            <\/a><\/a><\/div><div class='grid-item empresa'><a href='https:\/\/www.fundigex.es\/en\/empresa\/fundiciones-rio-ebro-s-l'>\n              <img src='https:\/\/www.fundigex.es\/files\/2018\/08\/frioebro.jpg' alt='FUNDICIONES R\u00cdO EBRO, S.L.' \/>\n              <h2>FUNDICIONES R\u00cdO EBRO, S.L.<\/h2>\n            <\/a><\/a><\/div><div class='grid-item empresa'><a href='https:\/\/www.fundigex.es\/en\/empresa\/fundiciones-san-antonio-de-urkiola-s-l'>\n              <img src='https:\/\/www.fundigex.es\/files\/2021\/01\/LOGOS-FUNSAN-OK-Web-1000x1000.jpg' alt='FUNDICIONES SAN ANTONIO DE URKIOLA, S.L.' \/>\n              <h2>FUNDICIONES SAN ANTONIO DE URKIOLA, S.L.<\/h2>\n            <\/a><\/a><\/div><div class='grid-item empresa'><a href='https:\/\/www.fundigex.es\/en\/empresa\/fundiciones-ur-artea-s-l-2'>\n              <img src='https:\/\/www.fundigex.es\/files\/2018\/02\/logoURARTEAweb-1000x1000.png' alt='FUNDICIONES UR ARTEA, S.L.' \/>\n              <h2>FUNDICIONES UR ARTEA, S.L.<\/h2>\n            <\/a><\/a><\/div><div class='grid-item empresa'><a href='https:\/\/www.fundigex.es\/en\/empresa\/funmak-s-l'>\n              <img src='https:\/\/www.fundigex.es\/files\/2025\/02\/Funmak-Logo-Horizontal-1000x1000.png' alt='FUNMAK, S.L.' \/>\n              <h2>FUNMAK, S.L.<\/h2>\n            <\/a><\/a><\/div><div class='grid-item empresa'><a href='https:\/\/www.fundigex.es\/en\/empresa\/funvisa-s-a'>\n              <img src='https:\/\/www.fundigex.es\/files\/2016\/12\/LOGO-completo-FV-2023-Web.png' alt='FUNVISA, S. A.' \/>\n              <h2>FUNVISA, S. A.<\/h2>\n            <\/a><\/a><\/div><div class='grid-item empresa'><a href='https:\/\/www.fundigex.es\/en\/empresa\/furesa-s-coop'>\n              <img src='https:\/\/www.fundigex.es\/files\/2016\/12\/logotipo-furesa.jpg' alt='FURESA, S. COOP.' \/>\n              <h2>FURESA, S. COOP.<\/h2>\n            <\/a><\/a><\/div><div class='grid-item empresa'><a href='https:\/\/www.fundigex.es\/en\/empresa\/gamarra-s-a'>\n              <img src='https:\/\/www.fundigex.es\/files\/2018\/12\/gamarralogosf.jpg' alt='GAMARRA, S.A.' \/>\n              <h2>GAMARRA, S.A.<\/h2>\n            <\/a><\/a><\/div><div class='grid-item empresa'><a href='https:\/\/www.fundigex.es\/en\/empresa\/grupo-wisco-s-l'>\n              <img src='https:\/\/www.fundigex.es\/files\/2016\/12\/logotipo-wisco.jpg' alt='GRUPO WISCO, S.L' \/>\n              <h2>GRUPO WISCO, S.L<\/h2>\n            <\/a><\/a><\/div><div class='grid-item empresa'><a href='https:\/\/www.fundigex.es\/en\/empresa\/guivisa-s-l'>\n              <img src='https:\/\/www.fundigex.es\/files\/2016\/12\/Logo-Guivisa-web-1000x1000.png' alt='GUIVISA, S.L.' \/>\n              <h2>GUIVISA, S.L.<\/h2>\n            <\/a><\/a><\/div><div class='grid-item empresa'><a href='https:\/\/www.fundigex.es\/en\/empresa\/gurelan-s-a'>\n              <img src='https:\/\/www.fundigex.es\/files\/2016\/12\/gurelan-negro-web-1000x1000.jpg' alt='GURELAN, S.L.' \/>\n              <h2>GURELAN, S.L.<\/h2>\n            <\/a><\/a><\/div><div class='grid-item empresa'><a href='https:\/\/www.fundigex.es\/en\/empresa\/ingeniera-de-aleaciones-s-a-arruti-aleaciones'>\n              <img src='https:\/\/www.fundigex.es\/files\/2016\/12\/logotipo-arruti-aleaciones.jpg' alt='INGENIER\u00cdA DE ALEACIONES, S. A.  (ARRUTI ALEACIONES)' \/>\n              <h2>INGENIER\u00cdA DE ALEACIONES, S. A.  (ARRUTI ALEACIONES)<\/h2>\n            <\/a><\/a><\/div><div class='grid-item empresa'><a href='https:\/\/www.fundigex.es\/en\/empresa\/lingotes-especiales-s-a'>\n              <img src='https:\/\/www.fundigex.es\/files\/2016\/12\/logotipo-lingotes-especiales.jpg' alt='LINGOTES ESPECIALES, S. A.' \/>\n              <h2>LINGOTES ESPECIALES, S. A.<\/h2>\n            <\/a><\/a><\/div><div class='grid-item empresa'><a href='https:\/\/www.fundigex.es\/en\/empresa\/mein-fundicin-en-cscara-s-a'>\n              <img src='https:\/\/www.fundigex.es\/files\/2016\/12\/logotipo-mein.jpg' alt='MEIN &#8211; FUNDICI\u00d3N EN C\u00c1SCARA, S. A.' \/>\n              <h2>MEIN &#8211; FUNDICI\u00d3N EN C\u00c1SCARA, S. A.<\/h2>\n            <\/a><\/a><\/div><div class='grid-item empresa'><a href='https:\/\/www.fundigex.es\/en\/empresa\/mekcasting-sl'>\n              <img src='https:\/\/www.fundigex.es\/files\/2016\/12\/LogoMekCastingWeb-1000x1000.png' alt='MEK CASTING, S.L.' \/>\n              <h2>MEK CASTING, S.L.<\/h2>\n            <\/a><\/a><\/div><div class='grid-item empresa'><a href='https:\/\/www.fundigex.es\/en\/empresa\/metalrgica-madrilena-s-a'>\n              <img src='https:\/\/www.fundigex.es\/files\/2016\/12\/logotipo-metalurgica-madrilena.jpg' alt='METAL\u00daRGICA MADRILE\u00d1A, S.A.' \/>\n              <h2>METAL\u00daRGICA MADRILE\u00d1A, S.A.<\/h2>\n            <\/a><\/a><\/div><div class='grid-item empresa'><a href='https:\/\/www.fundigex.es\/en\/empresa\/mim-tech-alfa'>\n              <img src='https:\/\/www.fundigex.es\/files\/2019\/10\/MimtechAlfa2025Web-2.png' alt='MIM-TECH ALFA, S.L.' \/>\n              <h2>MIM-TECH ALFA, S.L.<\/h2>\n            <\/a><\/a><\/div><div class='grid-item empresa'><a href='https:\/\/www.fundigex.es\/en\/empresa\/mimecrisa-metal-injection-moulding-ecrimesa-investment-casting'>\n              <img src='https:\/\/www.fundigex.es\/files\/2016\/12\/mimecrisalogook.jpg' alt='MIMECRISA, S.A. (MIM &#8211; Metal Injection Moulding)' \/>\n              <h2>MIMECRISA, S.A. (MIM &#8211; Metal Injection Moulding)<\/h2>\n            <\/a><\/a><\/div><div class='grid-item empresa'><a href='https:\/\/www.fundigex.es\/en\/empresa\/nissan-motor-iberica-s'>\n              <img src='https:\/\/www.fundigex.es\/files\/2020\/10\/nissanlogoweb.png' alt='NISSAN MOTOR IB\u00c9RICA, S.A.' \/>\n              <h2>NISSAN MOTOR IB\u00c9RICA, S.A.<\/h2>\n            <\/a><\/a><\/div><div class='grid-item empresa'><a href='https:\/\/www.fundigex.es\/en\/empresa\/reinosa-forgings-castings'>\n              <img src='https:\/\/www.fundigex.es\/files\/2016\/12\/Logo-Reinosa-FORGING-CASTING-web-1000x1000.png' alt='REINOSA FORGINGS &#038; CASTINGS, S.L.' \/>\n              <h2>REINOSA FORGINGS &#038; CASTINGS, S.L.<\/h2>\n            <\/a><\/a><\/div><div class='grid-item empresa'><a href='https:\/\/www.fundigex.es\/en\/empresa\/saeta-die-casting-sl'>\n              <img src='https:\/\/www.fundigex.es\/files\/2016\/12\/logotipo-saetap.jpg' alt='SAETA DIE CASTING, S.L.' \/>\n              <h2>SAETA DIE CASTING, S.L.<\/h2>\n            <\/a><\/a><\/div><div class='grid-item empresa'><a href='https:\/\/www.fundigex.es\/en\/empresa\/sakana-s-coop'>\n              <img src='https:\/\/www.fundigex.es\/files\/2016\/12\/logotipo-sakana.jpg' alt='SAKANA, S.COOP.' \/>\n              <h2>SAKANA, S.COOP.<\/h2>\n            <\/a><\/a><\/div><\/div><style>\n\t    .grid-partners .grid-item {\n        width: 20%;\n        text-align: center;\n        padding-bottom: 40px;\n      }\n      @media only screen and (max-width: 1200px) {\n\t      .grid-partners .grid-item { width: 25%; }\n      }\n      @media only screen and (max-width: 1200px) {\n\t      .grid-partners .grid-item { width: 33.33%; }\n\t    }\n\t    @media only screen and (max-width: 600px) {\n\t      .grid-partners .grid-item { width: 50%; }\n\t    }\n\t    .grid-partners .grid-item img {\n        width: 100%;\n        max-width: 125px;\n        \/*filter: grayscale(100%);*\/\n        transition: filter 0.3s;\n\t    }\n\t    \/*.grid-partners .grid-item img:hover {\n        filter: grayscale(0%);\n      }*\/\n      .grid-partners .grid-item h2 {\n        font-family: 'Epilogue';\n        font-size: 16px;\n        line-height: 1.2em;\n        color: #333333;\n        padding: 0px 10px;\n        margin: 0px;\n      }\n\t  <\/style>[\/vc_column_text][\/vc_column][\/vc_row]<\/p>\n","protected":false},"excerpt":{"rendered":"<p>[vc_row full_width=&#8221;stretch_row&#8221; css=&#8221;.vc_custom_1612369663391{padding-bottom: 30px !important;background-color: #f8f8f8 !important;}&#8221;][vc_column width=&#8221;1\/4&#8243;][\/vc_column][vc_column width=&#8221;1\/2&#8243;][\/vc_column][vc_column width=&#8221;1\/4&#8243;][\/vc_column][\/vc_row][vc_row full_width=&#8221;stretch_row&#8221; bg_type=&#8221;image&#8221; css=&#8221;.vc_custom_1606917285164{padding-bottom: 40px !important;background-position: center !important;background-repeat: no-repeat !important;background-size: cover !important;}&#8221;][vc_column][vc_column_text][\/vc_column_text][\/vc_column][\/vc_row]<\/p>\n","protected":false},"author":2,"featured_media":0,"parent":0,"menu_order":30,"comment_status":"closed","ping_status":"closed","template":"","meta":[],"acf":[],"yoast_head":"<!-- This site is optimized with the Yoast SEO plugin v20.1 - https:\/\/yoast.com\/wordpress\/plugins\/seo\/ -->\n<title>Company directory foundries - FUNDIGEX<\/title>\n<meta name=\"robots\" content=\"index, follow, max-snippet:-1, max-image-preview:large, max-video-preview:-1\" \/>\n<link rel=\"canonical\" href=\"https:\/\/www.fundigex.es\/en\/company-directory-foundries\" \/>\n<meta property=\"og:locale\" content=\"en_US\" \/>\n<meta property=\"og:type\" content=\"article\" \/>\n<meta property=\"og:title\" content=\"Company directory foundries - FUNDIGEX\" \/>\n<meta property=\"og:description\" content=\"[vc_row full_width=&#8221;stretch_row&#8221; css=&#8221;.vc_custom_1612369663391{padding-bottom: 30px !important;background-color: #f8f8f8 !important;}&#8221;][vc_column width=&#8221;1\/4&#8243;][\/vc_column][vc_column width=&#8221;1\/2&#8243;][\/vc_column][vc_column width=&#8221;1\/4&#8243;][\/vc_column][\/vc_row][vc_row full_width=&#8221;stretch_row&#8221; bg_type=&#8221;image&#8221; css=&#8221;.vc_custom_1606917285164{padding-bottom: 40px !important;background-position: center !important;background-repeat: no-repeat !important;background-size: cover !important;}&#8221;][vc_column][vc_column_text][\/vc_column_text][\/vc_column][\/vc_row]\" \/>\n<meta property=\"og:url\" content=\"https:\/\/www.fundigex.es\/en\/company-directory-foundries\" \/>\n<meta property=\"og:site_name\" content=\"FUNDIGEX\" \/>\n<meta property=\"article:modified_time\" content=\"2021-03-24T12:37:31+00:00\" \/>\n<meta name=\"twitter:card\" content=\"summary_large_image\" \/>\n<meta name=\"twitter:label1\" content=\"Est. reading time\" \/>\n\t<meta name=\"twitter:data1\" content=\"1 minute\" \/>\n<script type=\"application\/ld+json\" class=\"yoast-schema-graph\">{\"@context\":\"https:\/\/schema.org\",\"@graph\":[{\"@type\":\"WebPage\",\"@id\":\"https:\/\/www.fundigex.es\/en\/company-directory-foundries\",\"url\":\"https:\/\/www.fundigex.es\/en\/company-directory-foundries\",\"name\":\"Company directory foundries - FUNDIGEX\",\"isPartOf\":{\"@id\":\"https:\/\/www.fundigex.es\/fr\/#website\"},\"datePublished\":\"2016-11-03T17:11:23+00:00\",\"dateModified\":\"2021-03-24T12:37:31+00:00\",\"breadcrumb\":{\"@id\":\"https:\/\/www.fundigex.es\/en\/company-directory-foundries#breadcrumb\"},\"inLanguage\":\"en-US\",\"potentialAction\":[{\"@type\":\"ReadAction\",\"target\":[\"https:\/\/www.fundigex.es\/en\/company-directory-foundries\"]}]},{\"@type\":\"BreadcrumbList\",\"@id\":\"https:\/\/www.fundigex.es\/en\/company-directory-foundries#breadcrumb\",\"itemListElement\":[{\"@type\":\"ListItem\",\"position\":1,\"name\":\"Portada\",\"item\":\"https:\/\/www.fundigex.es\/en\"},{\"@type\":\"ListItem\",\"position\":2,\"name\":\"Company directory foundries\"}]},{\"@type\":\"WebSite\",\"@id\":\"https:\/\/www.fundigex.es\/fr\/#website\",\"url\":\"https:\/\/www.fundigex.es\/fr\/\",\"name\":\"FUNDIGEX\",\"description\":\"Asociaci\u00f3n Espa\u00f1ola de Exportadores de Fundici\u00f3n\",\"publisher\":{\"@id\":\"https:\/\/www.fundigex.es\/fr\/#organization\"},\"potentialAction\":[{\"@type\":\"SearchAction\",\"target\":{\"@type\":\"EntryPoint\",\"urlTemplate\":\"https:\/\/www.fundigex.es\/fr\/?s={search_term_string}\"},\"query-input\":\"required name=search_term_string\"}],\"inLanguage\":\"en-US\"},{\"@type\":\"Organization\",\"@id\":\"https:\/\/www.fundigex.es\/fr\/#organization\",\"name\":\"FUNDIGEX\",\"url\":\"https:\/\/www.fundigex.es\/fr\/\",\"logo\":{\"@type\":\"ImageObject\",\"inLanguage\":\"en-US\",\"@id\":\"https:\/\/www.fundigex.es\/fr\/#\/schema\/logo\/image\/\",\"url\":\"https:\/\/www.fundigex.es\/files\/2023\/07\/FUNDIGEX-LOGO-AltaResolucion.png\",\"contentUrl\":\"https:\/\/www.fundigex.es\/files\/2023\/07\/FUNDIGEX-LOGO-AltaResolucion.png\",\"width\":3438,\"height\":1690,\"caption\":\"FUNDIGEX\"},\"image\":{\"@id\":\"https:\/\/www.fundigex.es\/fr\/#\/schema\/logo\/image\/\"},\"sameAs\":[\"https:\/\/www.linkedin.com\/company\/fundigex-castings-and-foundry-suppliers\/?viewAsMember=true\"]}]}<\/script>\n<!-- \/ Yoast SEO plugin. -->","yoast_head_json":{"title":"Company directory foundries - FUNDIGEX","robots":{"index":"index","follow":"follow","max-snippet":"max-snippet:-1","max-image-preview":"max-image-preview:large","max-video-preview":"max-video-preview:-1"},"canonical":"https:\/\/www.fundigex.es\/en\/company-directory-foundries","og_locale":"en_US","og_type":"article","og_title":"Company directory foundries - FUNDIGEX","og_description":"[vc_row full_width=&#8221;stretch_row&#8221; css=&#8221;.vc_custom_1612369663391{padding-bottom: 30px !important;background-color: #f8f8f8 !important;}&#8221;][vc_column width=&#8221;1\/4&#8243;][\/vc_column][vc_column width=&#8221;1\/2&#8243;][\/vc_column][vc_column width=&#8221;1\/4&#8243;][\/vc_column][\/vc_row][vc_row full_width=&#8221;stretch_row&#8221; bg_type=&#8221;image&#8221; css=&#8221;.vc_custom_1606917285164{padding-bottom: 40px !important;background-position: center !important;background-repeat: no-repeat !important;background-size: cover !important;}&#8221;][vc_column][vc_column_text][\/vc_column_text][\/vc_column][\/vc_row]","og_url":"https:\/\/www.fundigex.es\/en\/company-directory-foundries","og_site_name":"FUNDIGEX","article_modified_time":"2021-03-24T12:37:31+00:00","twitter_card":"summary_large_image","twitter_misc":{"Est. reading time":"1 minute"},"schema":{"@context":"https:\/\/schema.org","@graph":[{"@type":"WebPage","@id":"https:\/\/www.fundigex.es\/en\/company-directory-foundries","url":"https:\/\/www.fundigex.es\/en\/company-directory-foundries","name":"Company directory foundries - FUNDIGEX","isPartOf":{"@id":"https:\/\/www.fundigex.es\/fr\/#website"},"datePublished":"2016-11-03T17:11:23+00:00","dateModified":"2021-03-24T12:37:31+00:00","breadcrumb":{"@id":"https:\/\/www.fundigex.es\/en\/company-directory-foundries#breadcrumb"},"inLanguage":"en-US","potentialAction":[{"@type":"ReadAction","target":["https:\/\/www.fundigex.es\/en\/company-directory-foundries"]}]},{"@type":"BreadcrumbList","@id":"https:\/\/www.fundigex.es\/en\/company-directory-foundries#breadcrumb","itemListElement":[{"@type":"ListItem","position":1,"name":"Portada","item":"https:\/\/www.fundigex.es\/en"},{"@type":"ListItem","position":2,"name":"Company directory foundries"}]},{"@type":"WebSite","@id":"https:\/\/www.fundigex.es\/fr\/#website","url":"https:\/\/www.fundigex.es\/fr\/","name":"FUNDIGEX","description":"Asociaci\u00f3n Espa\u00f1ola de Exportadores de Fundici\u00f3n","publisher":{"@id":"https:\/\/www.fundigex.es\/fr\/#organization"},"potentialAction":[{"@type":"SearchAction","target":{"@type":"EntryPoint","urlTemplate":"https:\/\/www.fundigex.es\/fr\/?s={search_term_string}"},"query-input":"required name=search_term_string"}],"inLanguage":"en-US"},{"@type":"Organization","@id":"https:\/\/www.fundigex.es\/fr\/#organization","name":"FUNDIGEX","url":"https:\/\/www.fundigex.es\/fr\/","logo":{"@type":"ImageObject","inLanguage":"en-US","@id":"https:\/\/www.fundigex.es\/fr\/#\/schema\/logo\/image\/","url":"https:\/\/www.fundigex.es\/files\/2023\/07\/FUNDIGEX-LOGO-AltaResolucion.png","contentUrl":"https:\/\/www.fundigex.es\/files\/2023\/07\/FUNDIGEX-LOGO-AltaResolucion.png","width":3438,"height":1690,"caption":"FUNDIGEX"},"image":{"@id":"https:\/\/www.fundigex.es\/fr\/#\/schema\/logo\/image\/"},"sameAs":["https:\/\/www.linkedin.com\/company\/fundigex-castings-and-foundry-suppliers\/?viewAsMember=true"]}]}},"_links":{"self":[{"href":"https:\/\/www.fundigex.es\/en\/wp-json\/wp\/v2\/pages\/6902"}],"collection":[{"href":"https:\/\/www.fundigex.es\/en\/wp-json\/wp\/v2\/pages"}],"about":[{"href":"https:\/\/www.fundigex.es\/en\/wp-json\/wp\/v2\/types\/page"}],"author":[{"embeddable":true,"href":"https:\/\/www.fundigex.es\/en\/wp-json\/wp\/v2\/users\/2"}],"replies":[{"embeddable":true,"href":"https:\/\/www.fundigex.es\/en\/wp-json\/wp\/v2\/comments?post=6902"}],"version-history":[{"count":0,"href":"https:\/\/www.fundigex.es\/en\/wp-json\/wp\/v2\/pages\/6902\/revisions"}],"wp:attachment":[{"href":"https:\/\/www.fundigex.es\/en\/wp-json\/wp\/v2\/media?parent=6902"}],"curies":[{"name":"wp","href":"https:\/\/api.w.org\/{rel}","templated":true}]}}