	{"id":7283,"date":"2016-11-03T18:22:35","date_gmt":"2016-11-03T17:22:35","guid":{"rendered":"http:\/\/web.fundigex.es\/?page_id=7283"},"modified":"2021-09-30T15:07:15","modified_gmt":"2021-09-30T13:07:15","slug":"aktivitaeten","status":"publish","type":"page","link":"https:\/\/www.fundigex.es\/de\/aktivitaeten","title":{"rendered":"Aktivit\u00e4ten"},"content":{"rendered":"<p>[vc_row full_width=&#8220;stretch_row&#8220; css=&#8220;.vc_custom_1608286925459{background-image: url(https:\/\/www.fundigex.es\/files\/2020\/12\/fondo-eventos.jpg?id=36787) !important;background-position: center !important;background-repeat: no-repeat !important;background-size: cover !important;}&#8220;][vc_column][vc_row_inner css=&#8220;.vc_custom_1613640277666{padding-right: 50px !important;padding-left: 50px !important;}&#8220;][vc_column_inner width=&#8220;1\/12&#8243;][\/vc_column_inner][vc_column_inner width=&#8220;10\/12&#8243;]<div class=\"ult-spacer spacer-69f40b6638fd2\" data-id=\"69f40b6638fd2\" data-height=\"50\" data-height-mobile=\"50\" data-height-tab=\"50\" data-height-tab-portrait=\"\" data-height-mobile-landscape=\"\" style=\"clear:both;display:block;\"><\/div><div id=\"ultimate-heading-756569f40b663903d\" class=\"uvc-heading ult-adjust-bottom-margin ultimate-heading-756569f40b663903d uvc-3973 \" data-hspacer=\"no_spacer\"  data-halign=\"center\" style=\"text-align:center\"><div class=\"uvc-heading-spacer no_spacer\" style=\"top\"><\/div><div class=\"uvc-sub-heading ult-responsive\"  data-ultimate-target='.uvc-heading.ultimate-heading-756569f40b663903d .uvc-sub-heading '  data-responsive-json-new='{\"font-size\":\"desktop:26px;\",\"line-height\":\"desktop:30px;\"}'  style=\"font-weight:bold;color:#62cbc9;\"><\/p>\n<p style=\"text-align: center;\">Wir werden bei den folgenden Shows anwesend sein.<br \/>\nKontaktieren Sie uns, um ein Meeting zu buchen. Wir freuen uns sehr, Sie begr\u00fc\u00dfen zu d\u00fcrfen!<\/p>\n<p><\/div><\/div><div class=\"ult-spacer spacer-69f40b663907c\" data-id=\"69f40b663907c\" data-height=\"50\" data-height-mobile=\"50\" data-height-tab=\"50\" data-height-tab-portrait=\"\" data-height-mobile-landscape=\"\" style=\"clear:both;display:block;\"><\/div><div id=\"ultimate-heading-829869f40b66390a5\" class=\"uvc-heading ult-adjust-bottom-margin ultimate-heading-829869f40b66390a5 uvc-77 \" data-hspacer=\"no_spacer\"  data-halign=\"center\" style=\"text-align:center\"><div class=\"uvc-heading-spacer no_spacer\" style=\"top\"><\/div><div class=\"uvc-main-heading ult-responsive\"  data-ultimate-target='.uvc-heading.ultimate-heading-829869f40b66390a5 h2'  data-responsive-json-new='{\"font-size\":\"desktop:30px;\",\"line-height\":\"\"}' ><h2 style=\"font-family:&#039;Epilogue&#039;;font-style:italic;font-weight:200;color:#62cbc9;\">Veranstaltungskalender<\/h2><\/div><\/div><div class=\"ult-spacer spacer-69f40b66390d4\" data-id=\"69f40b66390d4\" data-height=\"20\" data-height-mobile=\"20\" data-height-tab=\"20\" data-height-tab-portrait=\"\" data-height-mobile-landscape=\"\" style=\"clear:both;display:block;\"><\/div>[vc_column_text]<script type=\"text\/javascript\">\/\/<!--\nvar dc_subjects = \"\";var dc_locations = \"\";\n\/\/-->\n<\/script>\n<link href=\"https:\/\/www.fundigex.es\/wp-content\/plugins\/cp-multi-view-calendar\/DC_MultiViewCal\/css\/le-frog\/calendar.css\" type=\"text\/css\" rel=\"stylesheet\" \/>\n<link href=\"https:\/\/www.fundigex.es\/wp-content\/plugins\/cp-multi-view-calendar\/DC_MultiViewCal\/css\/main.css\" type=\"text\/css\" rel=\"stylesheet\" \/>\n<noscript>The CP Multi View Event Calendar requires JavaScript enabled<\/noscript>\n <div style=\"z-index:1000;\" id=\"multicalendar\">\n    <div id=\"cal1_0\" class=\"multicalendar\"><\/div>\n <\/div>        \n <div style=\"clear:both;\"><\/div> \n\n[\/vc_column_text][\/vc_column_inner][vc_column_inner width=&#8220;1\/12&#8243;][\/vc_column_inner][\/vc_row_inner][vc_row_inner][vc_column_inner]<div class=\"ult-spacer spacer-69f40b663c54d\" data-id=\"69f40b663c54d\" data-height=\"50\" data-height-mobile=\"50\" data-height-tab=\"50\" data-height-tab-portrait=\"\" data-height-mobile-landscape=\"\" style=\"clear:both;display:block;\"><\/div><div id=\"ultimate-heading-315369f40b663c58b\" class=\"uvc-heading ult-adjust-bottom-margin ultimate-heading-315369f40b663c58b uvc-6753 \" data-hspacer=\"no_spacer\"  data-halign=\"center\" style=\"text-align:center\"><div class=\"uvc-heading-spacer no_spacer\" style=\"top\"><\/div><div class=\"uvc-main-heading ult-responsive\"  data-ultimate-target='.uvc-heading.ultimate-heading-315369f40b663c58b h2'  data-responsive-json-new='{\"font-size\":\"desktop:30px;\",\"line-height\":\"\"}' ><h2 style=\"font-family:&#039;Epilogue&#039;;font-style:italic;font-weight:200;color:#62cbc9;\">Kommende Veranstaltungen<\/h2><\/div><\/div><div class=\"ult-spacer spacer-69f40b663c5c0\" data-id=\"69f40b663c5c0\" data-height=\"20\" data-height-mobile=\"20\" data-height-tab=\"20\" data-height-tab-portrait=\"\" data-height-mobile-landscape=\"\" style=\"clear:both;display:block;\"><\/div>[\/vc_column_inner][\/vc_row_inner][vc_column_text]<script type=\"text\/javascript\">\/\/<!--\nvar dc_subjects = \"\";var dc_locations = \"\";\n\/\/-->\n<\/script>\n<link href=\"https:\/\/www.fundigex.es\/wp-content\/plugins\/cp-multi-view-calendar\/DC_MultiViewCal\/css\/le-frog\/calendar.css\" type=\"text\/css\" rel=\"stylesheet\" \/>\n<link href=\"https:\/\/www.fundigex.es\/wp-content\/plugins\/cp-multi-view-calendar\/DC_MultiViewCal\/css\/main.css\" type=\"text\/css\" rel=\"stylesheet\" \/>\n<noscript>The CP Multi View Event Calendar requires JavaScript enabled<\/noscript>\n <div style=\"z-index:1000;\" id=\"multicalendar\">\n    <div id=\"cal1_1\" class=\"multicalendar\"><\/div>\n <\/div>        \n <div style=\"clear:both;\"><\/div> \n\n[\/vc_column_text]<div class=\"ult-spacer spacer-69f40b663c9e7\" data-id=\"69f40b663c9e7\" data-height=\"50\" data-height-mobile=\"50\" data-height-tab=\"50\" data-height-tab-portrait=\"\" data-height-mobile-landscape=\"\" style=\"clear:both;display:block;\"><\/div>[\/vc_column][\/vc_row]<\/p>\n","protected":false},"excerpt":{"rendered":"<p>[vc_row full_width=&#8220;stretch_row&#8220; css=&#8220;.vc_custom_1608286925459{background-image: url(https:\/\/www.fundigex.es\/files\/2020\/12\/fondo-eventos.jpg?id=36787) !important;background-position: center !important;background-repeat: no-repeat !important;background-size: cover !important;}&#8220;][vc_column][vc_row_inner css=&#8220;.vc_custom_1613640277666{padding-right: 50px !important;padding-left: 50px !important;}&#8220;][vc_column_inner width=&#8220;1\/12&#8243;][\/vc_column_inner][vc_column_inner width=&#8220;10\/12&#8243;][vc_column_text][\/vc_column_text][\/vc_column_inner][vc_column_inner width=&#8220;1\/12&#8243;][\/vc_column_inner][\/vc_row_inner][vc_row_inner][vc_column_inner][\/vc_column_inner][\/vc_row_inner][vc_column_text][\/vc_column_text][\/vc_column][\/vc_row]<\/p>\n","protected":false},"author":2,"featured_media":0,"parent":0,"menu_order":60,"comment_status":"closed","ping_status":"closed","template":"","meta":[],"acf":[],"yoast_head":"<!-- This site is optimized with the Yoast SEO plugin v20.1 - https:\/\/yoast.com\/wordpress\/plugins\/seo\/ -->\n<title>Aktivit\u00e4ten - FUNDIGEX<\/title>\n<meta name=\"robots\" content=\"index, follow, max-snippet:-1, max-image-preview:large, max-video-preview:-1\" \/>\n<link rel=\"canonical\" href=\"https:\/\/www.fundigex.es\/de\/aktivitaeten\" \/>\n<meta property=\"og:locale\" content=\"de_DE\" \/>\n<meta property=\"og:type\" content=\"article\" \/>\n<meta property=\"og:title\" content=\"Aktivit\u00e4ten - FUNDIGEX\" \/>\n<meta property=\"og:description\" content=\"[vc_row full_width=&#8220;stretch_row&#8220; css=&#8220;.vc_custom_1608286925459{background-image: url(https:\/\/www.fundigex.es\/files\/2020\/12\/fondo-eventos.jpg?id=36787) !important;background-position: center !important;background-repeat: no-repeat !important;background-size: cover !important;}&#8220;][vc_column][vc_row_inner css=&#8220;.vc_custom_1613640277666{padding-right: 50px !important;padding-left: 50px !important;}&#8220;][vc_column_inner width=&#8220;1\/12&#8243;][\/vc_column_inner][vc_column_inner width=&#8220;10\/12&#8243;][vc_column_text][\/vc_column_text][\/vc_column_inner][vc_column_inner width=&#8220;1\/12&#8243;][\/vc_column_inner][\/vc_row_inner][vc_row_inner][vc_column_inner][\/vc_column_inner][\/vc_row_inner][vc_column_text][\/vc_column_text][\/vc_column][\/vc_row]\" \/>\n<meta property=\"og:url\" content=\"https:\/\/www.fundigex.es\/de\/aktivitaeten\" \/>\n<meta property=\"og:site_name\" content=\"FUNDIGEX\" \/>\n<meta property=\"article:modified_time\" content=\"2021-09-30T13:07:15+00:00\" \/>\n<meta name=\"twitter:card\" content=\"summary_large_image\" \/>\n<meta name=\"twitter:label1\" content=\"Gesch\u00e4tzte Lesezeit\" \/>\n\t<meta name=\"twitter:data1\" content=\"1\u00a0Minute\" \/>\n<script type=\"application\/ld+json\" class=\"yoast-schema-graph\">{\"@context\":\"https:\/\/schema.org\",\"@graph\":[{\"@type\":\"WebPage\",\"@id\":\"https:\/\/www.fundigex.es\/de\/aktivitaeten\",\"url\":\"https:\/\/www.fundigex.es\/de\/aktivitaeten\",\"name\":\"Aktivit\u00e4ten - FUNDIGEX\",\"isPartOf\":{\"@id\":\"https:\/\/www.fundigex.es\/fr\/#website\"},\"datePublished\":\"2016-11-03T17:22:35+00:00\",\"dateModified\":\"2021-09-30T13:07:15+00:00\",\"breadcrumb\":{\"@id\":\"https:\/\/www.fundigex.es\/de\/aktivitaeten#breadcrumb\"},\"inLanguage\":\"de\",\"potentialAction\":[{\"@type\":\"ReadAction\",\"target\":[\"https:\/\/www.fundigex.es\/de\/aktivitaeten\"]}]},{\"@type\":\"BreadcrumbList\",\"@id\":\"https:\/\/www.fundigex.es\/de\/aktivitaeten#breadcrumb\",\"itemListElement\":[{\"@type\":\"ListItem\",\"position\":1,\"name\":\"Portada\",\"item\":\"https:\/\/www.fundigex.es\/de\"},{\"@type\":\"ListItem\",\"position\":2,\"name\":\"Aktivit\u00e4ten\"}]},{\"@type\":\"WebSite\",\"@id\":\"https:\/\/www.fundigex.es\/fr\/#website\",\"url\":\"https:\/\/www.fundigex.es\/fr\/\",\"name\":\"FUNDIGEX\",\"description\":\"Asociaci\u00f3n Espa\u00f1ola de Exportadores de Fundici\u00f3n\",\"publisher\":{\"@id\":\"https:\/\/www.fundigex.es\/fr\/#organization\"},\"potentialAction\":[{\"@type\":\"SearchAction\",\"target\":{\"@type\":\"EntryPoint\",\"urlTemplate\":\"https:\/\/www.fundigex.es\/fr\/?s={search_term_string}\"},\"query-input\":\"required name=search_term_string\"}],\"inLanguage\":\"de\"},{\"@type\":\"Organization\",\"@id\":\"https:\/\/www.fundigex.es\/fr\/#organization\",\"name\":\"FUNDIGEX\",\"url\":\"https:\/\/www.fundigex.es\/fr\/\",\"logo\":{\"@type\":\"ImageObject\",\"inLanguage\":\"de\",\"@id\":\"https:\/\/www.fundigex.es\/fr\/#\/schema\/logo\/image\/\",\"url\":\"https:\/\/www.fundigex.es\/files\/2023\/07\/FUNDIGEX-LOGO-AltaResolucion.png\",\"contentUrl\":\"https:\/\/www.fundigex.es\/files\/2023\/07\/FUNDIGEX-LOGO-AltaResolucion.png\",\"width\":3438,\"height\":1690,\"caption\":\"FUNDIGEX\"},\"image\":{\"@id\":\"https:\/\/www.fundigex.es\/fr\/#\/schema\/logo\/image\/\"},\"sameAs\":[\"https:\/\/www.linkedin.com\/company\/fundigex-castings-and-foundry-suppliers\/?viewAsMember=true\"]}]}<\/script>\n<!-- \/ Yoast SEO plugin. -->","yoast_head_json":{"title":"Aktivit\u00e4ten - FUNDIGEX","robots":{"index":"index","follow":"follow","max-snippet":"max-snippet:-1","max-image-preview":"max-image-preview:large","max-video-preview":"max-video-preview:-1"},"canonical":"https:\/\/www.fundigex.es\/de\/aktivitaeten","og_locale":"de_DE","og_type":"article","og_title":"Aktivit\u00e4ten - FUNDIGEX","og_description":"[vc_row full_width=&#8220;stretch_row&#8220; css=&#8220;.vc_custom_1608286925459{background-image: url(https:\/\/www.fundigex.es\/files\/2020\/12\/fondo-eventos.jpg?id=36787) !important;background-position: center !important;background-repeat: no-repeat !important;background-size: cover !important;}&#8220;][vc_column][vc_row_inner css=&#8220;.vc_custom_1613640277666{padding-right: 50px !important;padding-left: 50px !important;}&#8220;][vc_column_inner width=&#8220;1\/12&#8243;][\/vc_column_inner][vc_column_inner width=&#8220;10\/12&#8243;][vc_column_text][\/vc_column_text][\/vc_column_inner][vc_column_inner width=&#8220;1\/12&#8243;][\/vc_column_inner][\/vc_row_inner][vc_row_inner][vc_column_inner][\/vc_column_inner][\/vc_row_inner][vc_column_text][\/vc_column_text][\/vc_column][\/vc_row]","og_url":"https:\/\/www.fundigex.es\/de\/aktivitaeten","og_site_name":"FUNDIGEX","article_modified_time":"2021-09-30T13:07:15+00:00","twitter_card":"summary_large_image","twitter_misc":{"Gesch\u00e4tzte Lesezeit":"1\u00a0Minute"},"schema":{"@context":"https:\/\/schema.org","@graph":[{"@type":"WebPage","@id":"https:\/\/www.fundigex.es\/de\/aktivitaeten","url":"https:\/\/www.fundigex.es\/de\/aktivitaeten","name":"Aktivit\u00e4ten - FUNDIGEX","isPartOf":{"@id":"https:\/\/www.fundigex.es\/fr\/#website"},"datePublished":"2016-11-03T17:22:35+00:00","dateModified":"2021-09-30T13:07:15+00:00","breadcrumb":{"@id":"https:\/\/www.fundigex.es\/de\/aktivitaeten#breadcrumb"},"inLanguage":"de","potentialAction":[{"@type":"ReadAction","target":["https:\/\/www.fundigex.es\/de\/aktivitaeten"]}]},{"@type":"BreadcrumbList","@id":"https:\/\/www.fundigex.es\/de\/aktivitaeten#breadcrumb","itemListElement":[{"@type":"ListItem","position":1,"name":"Portada","item":"https:\/\/www.fundigex.es\/de"},{"@type":"ListItem","position":2,"name":"Aktivit\u00e4ten"}]},{"@type":"WebSite","@id":"https:\/\/www.fundigex.es\/fr\/#website","url":"https:\/\/www.fundigex.es\/fr\/","name":"FUNDIGEX","description":"Asociaci\u00f3n Espa\u00f1ola de Exportadores de Fundici\u00f3n","publisher":{"@id":"https:\/\/www.fundigex.es\/fr\/#organization"},"potentialAction":[{"@type":"SearchAction","target":{"@type":"EntryPoint","urlTemplate":"https:\/\/www.fundigex.es\/fr\/?s={search_term_string}"},"query-input":"required name=search_term_string"}],"inLanguage":"de"},{"@type":"Organization","@id":"https:\/\/www.fundigex.es\/fr\/#organization","name":"FUNDIGEX","url":"https:\/\/www.fundigex.es\/fr\/","logo":{"@type":"ImageObject","inLanguage":"de","@id":"https:\/\/www.fundigex.es\/fr\/#\/schema\/logo\/image\/","url":"https:\/\/www.fundigex.es\/files\/2023\/07\/FUNDIGEX-LOGO-AltaResolucion.png","contentUrl":"https:\/\/www.fundigex.es\/files\/2023\/07\/FUNDIGEX-LOGO-AltaResolucion.png","width":3438,"height":1690,"caption":"FUNDIGEX"},"image":{"@id":"https:\/\/www.fundigex.es\/fr\/#\/schema\/logo\/image\/"},"sameAs":["https:\/\/www.linkedin.com\/company\/fundigex-castings-and-foundry-suppliers\/?viewAsMember=true"]}]}},"_links":{"self":[{"href":"https:\/\/www.fundigex.es\/de\/wp-json\/wp\/v2\/pages\/7283"}],"collection":[{"href":"https:\/\/www.fundigex.es\/de\/wp-json\/wp\/v2\/pages"}],"about":[{"href":"https:\/\/www.fundigex.es\/de\/wp-json\/wp\/v2\/types\/page"}],"author":[{"embeddable":true,"href":"https:\/\/www.fundigex.es\/de\/wp-json\/wp\/v2\/users\/2"}],"replies":[{"embeddable":true,"href":"https:\/\/www.fundigex.es\/de\/wp-json\/wp\/v2\/comments?post=7283"}],"version-history":[{"count":0,"href":"https:\/\/www.fundigex.es\/de\/wp-json\/wp\/v2\/pages\/7283\/revisions"}],"wp:attachment":[{"href":"https:\/\/www.fundigex.es\/de\/wp-json\/wp\/v2\/media?parent=7283"}],"curies":[{"name":"wp","href":"https:\/\/api.w.org\/{rel}","templated":true}]}}