	{"id":7272,"date":"2016-11-03T18:11:23","date_gmt":"2016-11-03T17:11:23","guid":{"rendered":"http:\/\/web.fundigex.es\/?page_id=7272"},"modified":"2021-03-24T15:17:38","modified_gmt":"2021-03-24T14:17:38","slug":"zuliefererliste-fuer-die-giessereibranche","status":"publish","type":"page","link":"https:\/\/www.fundigex.es\/de\/zuliefererliste-fuer-die-giessereibranche","title":{"rendered":"Liferantenliste f\u00fcr die Gie\u00dfereibranche"},"content":{"rendered":"<p>[vc_row full_width=&#8220;stretch_row&#8220; content_placement=&#8220;middle&#8220; bg_type=&#8220;bg_color&#8220; bg_color_value=&#8220;#f8f8f8&#8243; css=&#8220;.vc_custom_1613123202762{padding-bottom: 30px !important;}&#8220;][vc_column width=&#8220;1\/4&#8243;][\/vc_column][vc_column width=&#8220;1\/2&#8243;]<div id=\"ultimate-heading-515469e8bc7c4259d\" class=\"uvc-heading ult-adjust-bottom-margin ultimate-heading-515469e8bc7c4259d uvc-4141 \" data-hspacer=\"no_spacer\"  data-halign=\"center\" style=\"text-align:center\"><div class=\"uvc-heading-spacer no_spacer\" style=\"top\"><\/div><div class=\"uvc-main-heading ult-responsive\"  data-ultimate-target='.uvc-heading.ultimate-heading-515469e8bc7c4259d h2'  data-responsive-json-new='{\"font-size\":\"desktop:24px;\",\"line-height\":\"desktop:34px;\"}' ><h2 style=\"font-family:&#039;Epilogue&#039;;font-weight:200;color:#8b8d94;\">Suchen Sie etwas Besonderes?<\/h2><\/div><div class=\"uvc-sub-heading ult-responsive\"  data-ultimate-target='.uvc-heading.ultimate-heading-515469e8bc7c4259d .uvc-sub-heading '  data-responsive-json-new='{\"font-size\":\"desktop:15px;\",\"line-height\":\"desktop:20px;\"}'  style=\"font-family:&#039;Epilogue&#039;;font-weight:normal;color:#62cbc9;\">Schreiben Sie uns eine E-Mail an <strong><a style=\"color: #62cbc9;\" href=\"mailto:fundigex@fundigex.es\"> fundigex@fundigex.es<\/a><\/strong> Wir k\u00f6nnen Ihnen helfen! <\/div><\/div>[\/vc_column][vc_column width=&#8220;1\/4&#8243;][\/vc_column][\/vc_row][vc_row][vc_column]<div class=\"ult-spacer spacer-69e8bc7c42607\" data-id=\"69e8bc7c42607\" data-height=\"30\" data-height-mobile=\"30\" data-height-tab=\"30\" data-height-tab-portrait=\"\" data-height-mobile-landscape=\"\" style=\"clear:both;display:block;\"><\/div>[vc_column_text]<div class='grid-partners grid'><div class='grid-item empresa'><a href='https:\/\/www.fundigex.es\/de\/empresa\/alju-sl'>\n              <img src='https:\/\/www.fundigex.es\/files\/2017\/01\/logotipo-talleres-alju.jpg' alt='ALJU, S. L.' \/>\n              <h2>ALJU, S. L.<\/h2>\n            <\/a><\/a><\/div><div class='grid-item empresa'><a href='https:\/\/www.fundigex.es\/de\/empresa\/aurrenak-s-coop'>\n              <img src='https:\/\/www.fundigex.es\/files\/2017\/01\/logotipo-aurrenak.jpg' alt='AURRENAK, S. COOP. &#8211; TOOLING TECHNOLOGY WORLDWIDE' \/>\n              <h2>AURRENAK, S. COOP. &#8211; TOOLING TECHNOLOGY WORLDWIDE<\/h2>\n            <\/a><\/a><\/div><div class='grid-item empresa'><a href='https:\/\/www.fundigex.es\/de\/empresa\/azterlan-centro-de-investigacion-metalurgica'>\n              <img src='https:\/\/www.fundigex.es\/files\/2021\/02\/Logo-AZTERLAN_fondo-blanco-web-1000x1000.jpg' alt='AZTERLAN &#8211; CENTRO DE INVESTIGACI\u00d3N METAL\u00daRGICA' \/>\n              <h2>AZTERLAN &#8211; CENTRO DE INVESTIGACI\u00d3N METAL\u00daRGICA<\/h2>\n            <\/a><\/a><\/div><div class='grid-item empresa'><a href='https:\/\/www.fundigex.es\/de\/empresa\/cometel-recycling-solutions-s-a'>\n              <img src='https:\/\/www.fundigex.es\/files\/2023\/01\/CometelLogoWeb.png' alt='COMETEL RECYCLING SOLUTIONS, S.A.' \/>\n              <h2>COMETEL RECYCLING SOLUTIONS, S.A.<\/h2>\n            <\/a><\/a><\/div><div class='grid-item empresa'><a href='https:\/\/www.fundigex.es\/de\/empresa\/ghi-hornosindustriales-s-l'>\n              <img src='https:\/\/www.fundigex.es\/files\/2017\/06\/ghi-logonuevo.jpg' alt='GHI HORNOS INDUSTRIALES, S.L.' \/>\n              <h2>GHI HORNOS INDUSTRIALES, S.L.<\/h2>\n            <\/a><\/a><\/div><div class='grid-item empresa'><a href='https:\/\/www.fundigex.es\/de\/empresa\/hornos-y-metales-sa'>\n              <img src='https:\/\/www.fundigex.es\/files\/2017\/01\/logotipo-hornos-y-metales.jpg' alt='HORNOS Y METALES, S. A.' \/>\n              <h2>HORNOS Y METALES, S. A.<\/h2>\n            <\/a><\/a><\/div><div class='grid-item empresa'><a href='https:\/\/www.fundigex.es\/de\/empresa\/indefunsa-s-a-l'>\n              <img src='https:\/\/www.fundigex.es\/files\/2016\/12\/indefunsalogonuevo.jpg' alt='INDEFUNSA, S.A.L.' \/>\n              <h2>INDEFUNSA, S.A.L.<\/h2>\n            <\/a><\/a><\/div><div class='grid-item empresa'><a href='https:\/\/www.fundigex.es\/de\/empresa\/insertec-ingeniera-y-servicios-tcnicos-sa'>\n              <img src='https:\/\/www.fundigex.es\/files\/2016\/12\/LogoInsertecWeb-1000x1000.jpg' alt='INSERTEC, FURNACES &#038; REFRACTORIES' \/>\n              <h2>INSERTEC, FURNACES &#038; REFRACTORIES<\/h2>\n            <\/a><\/a><\/div><div class='grid-item empresa'><a href='https:\/\/www.fundigex.es\/de\/empresa\/kalfrisa-s-a-u'>\n              <img src='https:\/\/www.fundigex.es\/files\/2025\/12\/KalfrisaLogoWeb-1.jpg' alt='KALFRISA S.A.U.' \/>\n              <h2>KALFRISA S.A.U.<\/h2>\n            <\/a><\/a><\/div><div class='grid-item empresa'><a href='https:\/\/www.fundigex.es\/de\/empresa\/loramendi-s-coop'>\n              <img src='https:\/\/www.fundigex.es\/files\/2016\/12\/MRK01-LoraLogoBlueGreenWeb-1000x1000.jpg' alt='LORAMENDI, S. COOP.' \/>\n              <h2>LORAMENDI, S. COOP.<\/h2>\n            <\/a><\/a><\/div><div class='grid-item empresa'><a href='https:\/\/www.fundigex.es\/de\/empresa\/rovalma'>\n              <img src='https:\/\/www.fundigex.es\/files\/2026\/04\/RovalmaLogoWeb.png' alt='ROVALMA S.A.' \/>\n              <h2>ROVALMA S.A.<\/h2>\n            <\/a><\/a><\/div><div class='grid-item empresa'><a href='https:\/\/www.fundigex.es\/de\/empresa\/tecnalia-research-innovation'>\n              <img src='https:\/\/www.fundigex.es\/files\/2022\/10\/RGB_LOGO-TECNALIA_BRT_Web-1.jpg' alt='TECNALIA RESEARCH &#038; INNOVATION' \/>\n              <h2>TECNALIA RESEARCH &#038; INNOVATION<\/h2>\n            <\/a><\/a><\/div><div class='grid-item empresa'><a href='https:\/\/www.fundigex.es\/de\/empresa\/torraval-cooling-s-l'>\n              <img src='https:\/\/www.fundigex.es\/files\/2023\/01\/TORRAVAL_web.png' alt='TORRAVAL COOLING, S.L.' \/>\n              <h2>TORRAVAL COOLING, S.L.<\/h2>\n            <\/a><\/a><\/div><div class='grid-item empresa'><a href='https:\/\/www.fundigex.es\/de\/empresa\/vibrotech-engineering-s-l'>\n              <img src='https:\/\/www.fundigex.es\/files\/2017\/01\/logotipo-vibrotech.jpg' alt='VIBROTECH ENGINEERING, S. L.' \/>\n              <h2>VIBROTECH ENGINEERING, S. L.<\/h2>\n            <\/a><\/a><\/div><\/div><style>\n\t    .grid-partners .grid-item {\n        width: 20%;\n        text-align: center;\n        padding-bottom: 40px;\n      }\n      @media only screen and (max-width: 1200px) {\n\t      .grid-partners .grid-item { width: 25%; }\n      }\n      @media only screen and (max-width: 1200px) {\n\t      .grid-partners .grid-item { width: 33.33%; }\n\t    }\n\t    @media only screen and (max-width: 600px) {\n\t      .grid-partners .grid-item { width: 50%; }\n\t    }\n\t    .grid-partners .grid-item img {\n        width: 100%;\n        max-width: 125px;\n        \/*filter: grayscale(100%);*\/\n        transition: filter 0.3s;\n\t    }\n\t    \/*.grid-partners .grid-item img:hover {\n        filter: grayscale(0%);\n      }*\/\n      .grid-partners .grid-item h2 {\n        font-family: 'Epilogue';\n        font-size: 16px;\n        line-height: 1.2em;\n        color: #333333;\n        padding: 0px 10px;\n        margin: 0px;\n      }\n\t  <\/style>[\/vc_column_text][\/vc_column][\/vc_row]<\/p>\n","protected":false},"excerpt":{"rendered":"<p>[vc_row full_width=&#8220;stretch_row&#8220; content_placement=&#8220;middle&#8220; bg_type=&#8220;bg_color&#8220; bg_color_value=&#8220;#f8f8f8&#8243; css=&#8220;.vc_custom_1613123202762{padding-bottom: 30px !important;}&#8220;][vc_column width=&#8220;1\/4&#8243;][\/vc_column][vc_column width=&#8220;1\/2&#8243;][\/vc_column][vc_column width=&#8220;1\/4&#8243;][\/vc_column][\/vc_row][vc_row][vc_column][vc_column_text][\/vc_column_text][\/vc_column][\/vc_row]<\/p>\n","protected":false},"author":2,"featured_media":0,"parent":0,"menu_order":40,"comment_status":"closed","ping_status":"closed","template":"","meta":[],"acf":[],"yoast_head":"<!-- This site is optimized with the Yoast SEO plugin v20.1 - https:\/\/yoast.com\/wordpress\/plugins\/seo\/ -->\n<title>Liferantenliste f\u00fcr die Gie\u00dfereibranche - FUNDIGEX<\/title>\n<meta name=\"robots\" content=\"index, follow, max-snippet:-1, max-image-preview:large, max-video-preview:-1\" \/>\n<link rel=\"canonical\" href=\"https:\/\/www.fundigex.es\/de\/zuliefererliste-fuer-die-giessereibranche\" \/>\n<meta property=\"og:locale\" content=\"de_DE\" \/>\n<meta property=\"og:type\" content=\"article\" \/>\n<meta property=\"og:title\" content=\"Liferantenliste f\u00fcr die Gie\u00dfereibranche - FUNDIGEX\" \/>\n<meta property=\"og:description\" content=\"[vc_row full_width=&#8220;stretch_row&#8220; content_placement=&#8220;middle&#8220; bg_type=&#8220;bg_color&#8220; bg_color_value=&#8220;#f8f8f8&#8243; css=&#8220;.vc_custom_1613123202762{padding-bottom: 30px !important;}&#8220;][vc_column width=&#8220;1\/4&#8243;][\/vc_column][vc_column width=&#8220;1\/2&#8243;][\/vc_column][vc_column width=&#8220;1\/4&#8243;][\/vc_column][\/vc_row][vc_row][vc_column][vc_column_text][\/vc_column_text][\/vc_column][\/vc_row]\" \/>\n<meta property=\"og:url\" content=\"https:\/\/www.fundigex.es\/de\/zuliefererliste-fuer-die-giessereibranche\" \/>\n<meta property=\"og:site_name\" content=\"FUNDIGEX\" \/>\n<meta property=\"article:modified_time\" content=\"2021-03-24T14:17:38+00:00\" \/>\n<meta name=\"twitter:card\" content=\"summary_large_image\" \/>\n<meta name=\"twitter:label1\" content=\"Gesch\u00e4tzte Lesezeit\" \/>\n\t<meta name=\"twitter:data1\" content=\"1\u00a0Minute\" \/>\n<script type=\"application\/ld+json\" class=\"yoast-schema-graph\">{\"@context\":\"https:\/\/schema.org\",\"@graph\":[{\"@type\":\"WebPage\",\"@id\":\"https:\/\/www.fundigex.es\/de\/zuliefererliste-fuer-die-giessereibranche\",\"url\":\"https:\/\/www.fundigex.es\/de\/zuliefererliste-fuer-die-giessereibranche\",\"name\":\"Liferantenliste f\u00fcr die Gie\u00dfereibranche - FUNDIGEX\",\"isPartOf\":{\"@id\":\"https:\/\/www.fundigex.es\/fr\/#website\"},\"datePublished\":\"2016-11-03T17:11:23+00:00\",\"dateModified\":\"2021-03-24T14:17:38+00:00\",\"breadcrumb\":{\"@id\":\"https:\/\/www.fundigex.es\/de\/zuliefererliste-fuer-die-giessereibranche#breadcrumb\"},\"inLanguage\":\"de\",\"potentialAction\":[{\"@type\":\"ReadAction\",\"target\":[\"https:\/\/www.fundigex.es\/de\/zuliefererliste-fuer-die-giessereibranche\"]}]},{\"@type\":\"BreadcrumbList\",\"@id\":\"https:\/\/www.fundigex.es\/de\/zuliefererliste-fuer-die-giessereibranche#breadcrumb\",\"itemListElement\":[{\"@type\":\"ListItem\",\"position\":1,\"name\":\"Portada\",\"item\":\"https:\/\/www.fundigex.es\/de\"},{\"@type\":\"ListItem\",\"position\":2,\"name\":\"Liferantenliste f\u00fcr die Gie\u00dfereibranche\"}]},{\"@type\":\"WebSite\",\"@id\":\"https:\/\/www.fundigex.es\/fr\/#website\",\"url\":\"https:\/\/www.fundigex.es\/fr\/\",\"name\":\"FUNDIGEX\",\"description\":\"Asociaci\u00f3n Espa\u00f1ola de Exportadores de Fundici\u00f3n\",\"publisher\":{\"@id\":\"https:\/\/www.fundigex.es\/fr\/#organization\"},\"potentialAction\":[{\"@type\":\"SearchAction\",\"target\":{\"@type\":\"EntryPoint\",\"urlTemplate\":\"https:\/\/www.fundigex.es\/fr\/?s={search_term_string}\"},\"query-input\":\"required name=search_term_string\"}],\"inLanguage\":\"de\"},{\"@type\":\"Organization\",\"@id\":\"https:\/\/www.fundigex.es\/fr\/#organization\",\"name\":\"FUNDIGEX\",\"url\":\"https:\/\/www.fundigex.es\/fr\/\",\"logo\":{\"@type\":\"ImageObject\",\"inLanguage\":\"de\",\"@id\":\"https:\/\/www.fundigex.es\/fr\/#\/schema\/logo\/image\/\",\"url\":\"https:\/\/www.fundigex.es\/files\/2023\/07\/FUNDIGEX-LOGO-AltaResolucion.png\",\"contentUrl\":\"https:\/\/www.fundigex.es\/files\/2023\/07\/FUNDIGEX-LOGO-AltaResolucion.png\",\"width\":3438,\"height\":1690,\"caption\":\"FUNDIGEX\"},\"image\":{\"@id\":\"https:\/\/www.fundigex.es\/fr\/#\/schema\/logo\/image\/\"},\"sameAs\":[\"https:\/\/www.linkedin.com\/company\/fundigex-castings-and-foundry-suppliers\/?viewAsMember=true\"]}]}<\/script>\n<!-- \/ Yoast SEO plugin. -->","yoast_head_json":{"title":"Liferantenliste f\u00fcr die Gie\u00dfereibranche - FUNDIGEX","robots":{"index":"index","follow":"follow","max-snippet":"max-snippet:-1","max-image-preview":"max-image-preview:large","max-video-preview":"max-video-preview:-1"},"canonical":"https:\/\/www.fundigex.es\/de\/zuliefererliste-fuer-die-giessereibranche","og_locale":"de_DE","og_type":"article","og_title":"Liferantenliste f\u00fcr die Gie\u00dfereibranche - FUNDIGEX","og_description":"[vc_row full_width=&#8220;stretch_row&#8220; content_placement=&#8220;middle&#8220; bg_type=&#8220;bg_color&#8220; bg_color_value=&#8220;#f8f8f8&#8243; css=&#8220;.vc_custom_1613123202762{padding-bottom: 30px !important;}&#8220;][vc_column width=&#8220;1\/4&#8243;][\/vc_column][vc_column width=&#8220;1\/2&#8243;][\/vc_column][vc_column width=&#8220;1\/4&#8243;][\/vc_column][\/vc_row][vc_row][vc_column][vc_column_text][\/vc_column_text][\/vc_column][\/vc_row]","og_url":"https:\/\/www.fundigex.es\/de\/zuliefererliste-fuer-die-giessereibranche","og_site_name":"FUNDIGEX","article_modified_time":"2021-03-24T14:17:38+00:00","twitter_card":"summary_large_image","twitter_misc":{"Gesch\u00e4tzte Lesezeit":"1\u00a0Minute"},"schema":{"@context":"https:\/\/schema.org","@graph":[{"@type":"WebPage","@id":"https:\/\/www.fundigex.es\/de\/zuliefererliste-fuer-die-giessereibranche","url":"https:\/\/www.fundigex.es\/de\/zuliefererliste-fuer-die-giessereibranche","name":"Liferantenliste f\u00fcr die Gie\u00dfereibranche - FUNDIGEX","isPartOf":{"@id":"https:\/\/www.fundigex.es\/fr\/#website"},"datePublished":"2016-11-03T17:11:23+00:00","dateModified":"2021-03-24T14:17:38+00:00","breadcrumb":{"@id":"https:\/\/www.fundigex.es\/de\/zuliefererliste-fuer-die-giessereibranche#breadcrumb"},"inLanguage":"de","potentialAction":[{"@type":"ReadAction","target":["https:\/\/www.fundigex.es\/de\/zuliefererliste-fuer-die-giessereibranche"]}]},{"@type":"BreadcrumbList","@id":"https:\/\/www.fundigex.es\/de\/zuliefererliste-fuer-die-giessereibranche#breadcrumb","itemListElement":[{"@type":"ListItem","position":1,"name":"Portada","item":"https:\/\/www.fundigex.es\/de"},{"@type":"ListItem","position":2,"name":"Liferantenliste f\u00fcr die Gie\u00dfereibranche"}]},{"@type":"WebSite","@id":"https:\/\/www.fundigex.es\/fr\/#website","url":"https:\/\/www.fundigex.es\/fr\/","name":"FUNDIGEX","description":"Asociaci\u00f3n Espa\u00f1ola de Exportadores de Fundici\u00f3n","publisher":{"@id":"https:\/\/www.fundigex.es\/fr\/#organization"},"potentialAction":[{"@type":"SearchAction","target":{"@type":"EntryPoint","urlTemplate":"https:\/\/www.fundigex.es\/fr\/?s={search_term_string}"},"query-input":"required name=search_term_string"}],"inLanguage":"de"},{"@type":"Organization","@id":"https:\/\/www.fundigex.es\/fr\/#organization","name":"FUNDIGEX","url":"https:\/\/www.fundigex.es\/fr\/","logo":{"@type":"ImageObject","inLanguage":"de","@id":"https:\/\/www.fundigex.es\/fr\/#\/schema\/logo\/image\/","url":"https:\/\/www.fundigex.es\/files\/2023\/07\/FUNDIGEX-LOGO-AltaResolucion.png","contentUrl":"https:\/\/www.fundigex.es\/files\/2023\/07\/FUNDIGEX-LOGO-AltaResolucion.png","width":3438,"height":1690,"caption":"FUNDIGEX"},"image":{"@id":"https:\/\/www.fundigex.es\/fr\/#\/schema\/logo\/image\/"},"sameAs":["https:\/\/www.linkedin.com\/company\/fundigex-castings-and-foundry-suppliers\/?viewAsMember=true"]}]}},"_links":{"self":[{"href":"https:\/\/www.fundigex.es\/de\/wp-json\/wp\/v2\/pages\/7272"}],"collection":[{"href":"https:\/\/www.fundigex.es\/de\/wp-json\/wp\/v2\/pages"}],"about":[{"href":"https:\/\/www.fundigex.es\/de\/wp-json\/wp\/v2\/types\/page"}],"author":[{"embeddable":true,"href":"https:\/\/www.fundigex.es\/de\/wp-json\/wp\/v2\/users\/2"}],"replies":[{"embeddable":true,"href":"https:\/\/www.fundigex.es\/de\/wp-json\/wp\/v2\/comments?post=7272"}],"version-history":[{"count":0,"href":"https:\/\/www.fundigex.es\/de\/wp-json\/wp\/v2\/pages\/7272\/revisions"}],"wp:attachment":[{"href":"https:\/\/www.fundigex.es\/de\/wp-json\/wp\/v2\/media?parent=7272"}],"curies":[{"name":"wp","href":"https:\/\/api.w.org\/{rel}","templated":true}]}}