	{"id":40368,"date":"2021-02-08T11:28:13","date_gmt":"2021-02-08T10:28:13","guid":{"rendered":"https:\/\/www.fundigex.es\/?page_id=40368"},"modified":"2021-03-24T15:05:50","modified_gmt":"2021-03-24T14:05:50","slug":"mitgliederliste","status":"publish","type":"page","link":"https:\/\/www.fundigex.es\/de\/mitgliederliste","title":{"rendered":"Mitgliederliste"},"content":{"rendered":"<p>[vc_row full_width=&#8220;stretch_row&#8220; bg_type=&#8220;image&#8220; parallax_style=&#8220;vcpb-default&#8220; bg_image_new=&#8220;id^37767|url^https:\/\/www.fundigex.es\/files\/2021\/01\/fondo-noticias-home-1.jpg|caption^null|alt^null|title^fondo-noticias-home|description^null&#8220; css=&#8220;.vc_custom_1613121206536{background-color: #8ba5ba !important;}&#8220;][vc_column width=&#8220;1\/3&#8243;]<div class=\"ult-spacer spacer-69e8bc7c45977\" data-id=\"69e8bc7c45977\" data-height=\"150\" data-height-mobile=\"20\" data-height-tab=\"\" data-height-tab-portrait=\"\" data-height-mobile-landscape=\"20\" style=\"clear:both;display:block;\"><\/div>[vc_single_image image=&#8220;38819&#8243; img_size=&#8220;120&#215;120&#8243; alignment=&#8220;center&#8220; onclick=&#8220;custom_link&#8220; image_hovers=&#8220;false&#8220; link=&#8220;\/de\/giesserei-firmenliste&#8220;][vc_separator color=&#8220;custom&#8220; el_width=&#8220;30&#8243; accent_color=&#8220;#f2692a&#8220; css=&#8220;.vc_custom_1613121574391{margin-bottom: 20px !important;}&#8220;]<div id=\"ultimate-heading-729569e8bc7c459f2\" class=\"uvc-heading ult-adjust-bottom-margin ultimate-heading-729569e8bc7c459f2 uvc-1854 \" data-hspacer=\"no_spacer\"  data-halign=\"center\" style=\"text-align:center\"><div class=\"uvc-heading-spacer no_spacer\" style=\"top\"><\/div><div class=\"uvc-sub-heading ult-responsive\"  data-ultimate-target='.uvc-heading.ultimate-heading-729569e8bc7c459f2 .uvc-sub-heading '  data-responsive-json-new='{\"font-size\":\"desktop:20px;\",\"line-height\":\"desktop:30px;\"}'  style=\"font-family:&#039;Epilogue&#039;;font-weight:700;color:#364f5b;\"><a href=\"\/de\/giesserei-firmenliste\">Firmenliste der Gie\u00dfereien<\/a><\/div><\/div>[\/vc_column][vc_column width=&#8220;1\/3&#8243;]<div class=\"ult-spacer spacer-69e8bc7c45a3d\" data-id=\"69e8bc7c45a3d\" data-height=\"150\" data-height-mobile=\"20\" data-height-tab=\"\" data-height-tab-portrait=\"\" data-height-mobile-landscape=\"20\" style=\"clear:both;display:block;\"><\/div>[vc_single_image image=&#8220;39205&#8243; img_size=&#8220;full&#8220; alignment=&#8220;center&#8220; onclick=&#8220;custom_link&#8220; image_hovers=&#8220;false&#8220; link=&#8220;\/de\/zuliefererliste-fuer-die-giessereibranche&#8220;][vc_separator color=&#8220;custom&#8220; el_width=&#8220;30&#8243; accent_color=&#8220;#f2692a&#8220; css=&#8220;.vc_custom_1613121574391{margin-bottom: 20px !important;}&#8220;]<div id=\"ultimate-heading-444369e8bc7c45a6b\" class=\"uvc-heading ult-adjust-bottom-margin ultimate-heading-444369e8bc7c45a6b uvc-1121 \" data-hspacer=\"no_spacer\"  data-halign=\"center\" style=\"text-align:center\"><div class=\"uvc-heading-spacer no_spacer\" style=\"top\"><\/div><div class=\"uvc-sub-heading ult-responsive\"  data-ultimate-target='.uvc-heading.ultimate-heading-444369e8bc7c45a6b .uvc-sub-heading '  data-responsive-json-new='{\"font-size\":\"desktop:20px;\",\"line-height\":\"desktop:30px;\"}'  style=\"font-family:&#039;Epilogue&#039;;font-weight:700;color:#364f5b;\"><a href=\"\/de\/zuliefererliste-fuer-die-giessereibranche\">Liferantenliste f\u00fcr die Gie\u00dfereibranche<\/a><\/div><\/div><div class=\"ult-spacer spacer-69e8bc7c45a95\" data-id=\"69e8bc7c45a95\" data-height=\"200\" data-height-mobile=\"0\" data-height-tab=\"\" data-height-tab-portrait=\"\" data-height-mobile-landscape=\"0\" style=\"clear:both;display:block;\"><\/div>[\/vc_column][vc_column width=&#8220;1\/3&#8243;]<div class=\"ult-spacer spacer-69e8bc7c45aaa\" data-id=\"69e8bc7c45aaa\" data-height=\"150\" data-height-mobile=\"20\" data-height-tab=\"\" data-height-tab-portrait=\"\" data-height-mobile-landscape=\"20\" style=\"clear:both;display:block;\"><\/div>[vc_single_image image=&#8220;38918&#8243; img_size=&#8220;120&#215;120&#8243; alignment=&#8220;center&#8220; onclick=&#8220;custom_link&#8220; image_hovers=&#8220;false&#8220; link=&#8220;\/de\/suchhilfe-fuer-giessereien&#8220;][vc_separator color=&#8220;custom&#8220; el_width=&#8220;30&#8243; accent_color=&#8220;#f2692a&#8220; css=&#8220;.vc_custom_1613121574391{margin-bottom: 20px !important;}&#8220;]<div id=\"ultimate-heading-382269e8bc7c45ad0\" class=\"uvc-heading ult-adjust-bottom-margin ultimate-heading-382269e8bc7c45ad0 uvc-1991 \" data-hspacer=\"no_spacer\"  data-halign=\"center\" style=\"text-align:center\"><div class=\"uvc-heading-spacer no_spacer\" style=\"top\"><\/div><div class=\"uvc-sub-heading ult-responsive\"  data-ultimate-target='.uvc-heading.ultimate-heading-382269e8bc7c45ad0 .uvc-sub-heading '  data-responsive-json-new='{\"font-size\":\"desktop:20px;\",\"line-height\":\"desktop:30px;\"}'  style=\"font-family:&#039;Epilogue&#039;;font-weight:700;color:#364f5b;\"><a href=\"\/de\/suchhilfe-fuer-giessereien\">Suchhilfe f\u00fcr Gie\u00dfereien<\/a><\/div><\/div><div class=\"ult-spacer spacer-69e8bc7c45af7\" data-id=\"69e8bc7c45af7\" data-height=\"200\" data-height-mobile=\"40\" data-height-tab=\"\" data-height-tab-portrait=\"\" data-height-mobile-landscape=\"0\" style=\"clear:both;display:block;\"><\/div>[\/vc_column][\/vc_row]<\/p>\n","protected":false},"excerpt":{"rendered":"<p>[vc_row full_width=&#8220;stretch_row&#8220; bg_type=&#8220;image&#8220; parallax_style=&#8220;vcpb-default&#8220; bg_image_new=&#8220;id^37767|url^https:\/\/www.fundigex.es\/files\/2021\/01\/fondo-noticias-home-1.jpg|caption^null|alt^null|title^fondo-noticias-home|description^null&#8220; css=&#8220;.vc_custom_1613121206536{background-color: #8ba5ba !important;}&#8220;][vc_column width=&#8220;1\/3&#8243;][vc_single_image image=&#8220;38819&#8243; img_size=&#8220;120&#215;120&#8243; alignment=&#8220;center&#8220; onclick=&#8220;custom_link&#8220; image_hovers=&#8220;false&#8220; link=&#8220;\/de\/giesserei-firmenliste&#8220;][vc_separator color=&#8220;custom&#8220; el_width=&#8220;30&#8243; accent_color=&#8220;#f2692a&#8220; css=&#8220;.vc_custom_1613121574391{margin-bottom: 20px !important;}&#8220;][\/vc_column][vc_column width=&#8220;1\/3&#8243;][vc_single_image image=&#8220;39205&#8243; img_size=&#8220;full&#8220; alignment=&#8220;center&#8220; onclick=&#8220;custom_link&#8220; image_hovers=&#8220;false&#8220; link=&#8220;\/de\/zuliefererliste-fuer-die-giessereibranche&#8220;][vc_separator color=&#8220;custom&#8220; el_width=&#8220;30&#8243; accent_color=&#8220;#f2692a&#8220; css=&#8220;.vc_custom_1613121574391{margin-bottom: 20px !important;}&#8220;][\/vc_column][vc_column width=&#8220;1\/3&#8243;][vc_single_image image=&#8220;38918&#8243; img_size=&#8220;120&#215;120&#8243; alignment=&#8220;center&#8220; onclick=&#8220;custom_link&#8220; image_hovers=&#8220;false&#8220; link=&#8220;\/de\/suchhilfe-fuer-giessereien&#8220;][vc_separator color=&#8220;custom&#8220; el_width=&#8220;30&#8243; accent_color=&#8220;#f2692a&#8220; css=&#8220;.vc_custom_1613121574391{margin-bottom: 20px !important;}&#8220;][\/vc_column][\/vc_row]<\/p>\n","protected":false},"author":2,"featured_media":0,"parent":0,"menu_order":55,"comment_status":"closed","ping_status":"closed","template":"","meta":[],"acf":[],"yoast_head":"<!-- This site is optimized with the Yoast SEO plugin v20.1 - https:\/\/yoast.com\/wordpress\/plugins\/seo\/ -->\n<title>Mitgliederliste - FUNDIGEX<\/title>\n<meta name=\"robots\" content=\"index, follow, max-snippet:-1, max-image-preview:large, max-video-preview:-1\" \/>\n<link rel=\"canonical\" href=\"https:\/\/www.fundigex.es\/de\/mitgliederliste\" \/>\n<meta property=\"og:locale\" content=\"de_DE\" \/>\n<meta property=\"og:type\" content=\"article\" \/>\n<meta property=\"og:title\" content=\"Mitgliederliste - FUNDIGEX\" \/>\n<meta property=\"og:description\" content=\"[vc_row full_width=&#8220;stretch_row&#8220; bg_type=&#8220;image&#8220; parallax_style=&#8220;vcpb-default&#8220; bg_image_new=&#8220;id^37767|url^https:\/\/www.fundigex.es\/files\/2021\/01\/fondo-noticias-home-1.jpg|caption^null|alt^null|title^fondo-noticias-home|description^null&#8220; css=&#8220;.vc_custom_1613121206536{background-color: #8ba5ba !important;}&#8220;][vc_column width=&#8220;1\/3&#8243;][vc_single_image image=&#8220;38819&#8243; img_size=&#8220;120&#215;120&#8243; alignment=&#8220;center&#8220; onclick=&#8220;custom_link&#8220; image_hovers=&#8220;false&#8220; link=&#8220;\/de\/giesserei-firmenliste&#8220;][vc_separator color=&#8220;custom&#8220; el_width=&#8220;30&#8243; accent_color=&#8220;#f2692a&#8220; css=&#8220;.vc_custom_1613121574391{margin-bottom: 20px !important;}&#8220;][\/vc_column][vc_column width=&#8220;1\/3&#8243;][vc_single_image image=&#8220;39205&#8243; img_size=&#8220;full&#8220; alignment=&#8220;center&#8220; onclick=&#8220;custom_link&#8220; image_hovers=&#8220;false&#8220; link=&#8220;\/de\/zuliefererliste-fuer-die-giessereibranche&#8220;][vc_separator color=&#8220;custom&#8220; el_width=&#8220;30&#8243; accent_color=&#8220;#f2692a&#8220; css=&#8220;.vc_custom_1613121574391{margin-bottom: 20px !important;}&#8220;][\/vc_column][vc_column width=&#8220;1\/3&#8243;][vc_single_image image=&#8220;38918&#8243; img_size=&#8220;120&#215;120&#8243; alignment=&#8220;center&#8220; onclick=&#8220;custom_link&#8220; image_hovers=&#8220;false&#8220; link=&#8220;\/de\/suchhilfe-fuer-giessereien&#8220;][vc_separator color=&#8220;custom&#8220; el_width=&#8220;30&#8243; accent_color=&#8220;#f2692a&#8220; css=&#8220;.vc_custom_1613121574391{margin-bottom: 20px !important;}&#8220;][\/vc_column][\/vc_row]\" \/>\n<meta property=\"og:url\" content=\"https:\/\/www.fundigex.es\/de\/mitgliederliste\" \/>\n<meta property=\"og:site_name\" content=\"FUNDIGEX\" \/>\n<meta property=\"article:modified_time\" content=\"2021-03-24T14:05:50+00:00\" \/>\n<meta name=\"twitter:card\" content=\"summary_large_image\" \/>\n<meta name=\"twitter:label1\" content=\"Gesch\u00e4tzte Lesezeit\" \/>\n\t<meta name=\"twitter:data1\" content=\"1\u00a0Minute\" \/>\n<script type=\"application\/ld+json\" class=\"yoast-schema-graph\">{\"@context\":\"https:\/\/schema.org\",\"@graph\":[{\"@type\":\"WebPage\",\"@id\":\"https:\/\/www.fundigex.es\/de\/mitgliederliste\",\"url\":\"https:\/\/www.fundigex.es\/de\/mitgliederliste\",\"name\":\"Mitgliederliste - FUNDIGEX\",\"isPartOf\":{\"@id\":\"https:\/\/www.fundigex.es\/fr\/#website\"},\"datePublished\":\"2021-02-08T10:28:13+00:00\",\"dateModified\":\"2021-03-24T14:05:50+00:00\",\"breadcrumb\":{\"@id\":\"https:\/\/www.fundigex.es\/de\/mitgliederliste#breadcrumb\"},\"inLanguage\":\"de\",\"potentialAction\":[{\"@type\":\"ReadAction\",\"target\":[\"https:\/\/www.fundigex.es\/de\/mitgliederliste\"]}]},{\"@type\":\"BreadcrumbList\",\"@id\":\"https:\/\/www.fundigex.es\/de\/mitgliederliste#breadcrumb\",\"itemListElement\":[{\"@type\":\"ListItem\",\"position\":1,\"name\":\"Portada\",\"item\":\"https:\/\/www.fundigex.es\/de\"},{\"@type\":\"ListItem\",\"position\":2,\"name\":\"Mitgliederliste\"}]},{\"@type\":\"WebSite\",\"@id\":\"https:\/\/www.fundigex.es\/fr\/#website\",\"url\":\"https:\/\/www.fundigex.es\/fr\/\",\"name\":\"FUNDIGEX\",\"description\":\"Asociaci\u00f3n Espa\u00f1ola de Exportadores de Fundici\u00f3n\",\"publisher\":{\"@id\":\"https:\/\/www.fundigex.es\/fr\/#organization\"},\"potentialAction\":[{\"@type\":\"SearchAction\",\"target\":{\"@type\":\"EntryPoint\",\"urlTemplate\":\"https:\/\/www.fundigex.es\/fr\/?s={search_term_string}\"},\"query-input\":\"required name=search_term_string\"}],\"inLanguage\":\"de\"},{\"@type\":\"Organization\",\"@id\":\"https:\/\/www.fundigex.es\/fr\/#organization\",\"name\":\"FUNDIGEX\",\"url\":\"https:\/\/www.fundigex.es\/fr\/\",\"logo\":{\"@type\":\"ImageObject\",\"inLanguage\":\"de\",\"@id\":\"https:\/\/www.fundigex.es\/fr\/#\/schema\/logo\/image\/\",\"url\":\"https:\/\/www.fundigex.es\/files\/2023\/07\/FUNDIGEX-LOGO-AltaResolucion.png\",\"contentUrl\":\"https:\/\/www.fundigex.es\/files\/2023\/07\/FUNDIGEX-LOGO-AltaResolucion.png\",\"width\":3438,\"height\":1690,\"caption\":\"FUNDIGEX\"},\"image\":{\"@id\":\"https:\/\/www.fundigex.es\/fr\/#\/schema\/logo\/image\/\"},\"sameAs\":[\"https:\/\/www.linkedin.com\/company\/fundigex-castings-and-foundry-suppliers\/?viewAsMember=true\"]}]}<\/script>\n<!-- \/ Yoast SEO plugin. -->","yoast_head_json":{"title":"Mitgliederliste - FUNDIGEX","robots":{"index":"index","follow":"follow","max-snippet":"max-snippet:-1","max-image-preview":"max-image-preview:large","max-video-preview":"max-video-preview:-1"},"canonical":"https:\/\/www.fundigex.es\/de\/mitgliederliste","og_locale":"de_DE","og_type":"article","og_title":"Mitgliederliste - FUNDIGEX","og_description":"[vc_row full_width=&#8220;stretch_row&#8220; bg_type=&#8220;image&#8220; parallax_style=&#8220;vcpb-default&#8220; bg_image_new=&#8220;id^37767|url^https:\/\/www.fundigex.es\/files\/2021\/01\/fondo-noticias-home-1.jpg|caption^null|alt^null|title^fondo-noticias-home|description^null&#8220; css=&#8220;.vc_custom_1613121206536{background-color: #8ba5ba !important;}&#8220;][vc_column width=&#8220;1\/3&#8243;][vc_single_image image=&#8220;38819&#8243; img_size=&#8220;120&#215;120&#8243; alignment=&#8220;center&#8220; onclick=&#8220;custom_link&#8220; image_hovers=&#8220;false&#8220; link=&#8220;\/de\/giesserei-firmenliste&#8220;][vc_separator color=&#8220;custom&#8220; el_width=&#8220;30&#8243; accent_color=&#8220;#f2692a&#8220; css=&#8220;.vc_custom_1613121574391{margin-bottom: 20px !important;}&#8220;][\/vc_column][vc_column width=&#8220;1\/3&#8243;][vc_single_image image=&#8220;39205&#8243; img_size=&#8220;full&#8220; alignment=&#8220;center&#8220; onclick=&#8220;custom_link&#8220; image_hovers=&#8220;false&#8220; link=&#8220;\/de\/zuliefererliste-fuer-die-giessereibranche&#8220;][vc_separator color=&#8220;custom&#8220; el_width=&#8220;30&#8243; accent_color=&#8220;#f2692a&#8220; css=&#8220;.vc_custom_1613121574391{margin-bottom: 20px !important;}&#8220;][\/vc_column][vc_column width=&#8220;1\/3&#8243;][vc_single_image image=&#8220;38918&#8243; img_size=&#8220;120&#215;120&#8243; alignment=&#8220;center&#8220; onclick=&#8220;custom_link&#8220; image_hovers=&#8220;false&#8220; link=&#8220;\/de\/suchhilfe-fuer-giessereien&#8220;][vc_separator color=&#8220;custom&#8220; el_width=&#8220;30&#8243; accent_color=&#8220;#f2692a&#8220; css=&#8220;.vc_custom_1613121574391{margin-bottom: 20px !important;}&#8220;][\/vc_column][\/vc_row]","og_url":"https:\/\/www.fundigex.es\/de\/mitgliederliste","og_site_name":"FUNDIGEX","article_modified_time":"2021-03-24T14:05:50+00:00","twitter_card":"summary_large_image","twitter_misc":{"Gesch\u00e4tzte Lesezeit":"1\u00a0Minute"},"schema":{"@context":"https:\/\/schema.org","@graph":[{"@type":"WebPage","@id":"https:\/\/www.fundigex.es\/de\/mitgliederliste","url":"https:\/\/www.fundigex.es\/de\/mitgliederliste","name":"Mitgliederliste - FUNDIGEX","isPartOf":{"@id":"https:\/\/www.fundigex.es\/fr\/#website"},"datePublished":"2021-02-08T10:28:13+00:00","dateModified":"2021-03-24T14:05:50+00:00","breadcrumb":{"@id":"https:\/\/www.fundigex.es\/de\/mitgliederliste#breadcrumb"},"inLanguage":"de","potentialAction":[{"@type":"ReadAction","target":["https:\/\/www.fundigex.es\/de\/mitgliederliste"]}]},{"@type":"BreadcrumbList","@id":"https:\/\/www.fundigex.es\/de\/mitgliederliste#breadcrumb","itemListElement":[{"@type":"ListItem","position":1,"name":"Portada","item":"https:\/\/www.fundigex.es\/de"},{"@type":"ListItem","position":2,"name":"Mitgliederliste"}]},{"@type":"WebSite","@id":"https:\/\/www.fundigex.es\/fr\/#website","url":"https:\/\/www.fundigex.es\/fr\/","name":"FUNDIGEX","description":"Asociaci\u00f3n Espa\u00f1ola de Exportadores de Fundici\u00f3n","publisher":{"@id":"https:\/\/www.fundigex.es\/fr\/#organization"},"potentialAction":[{"@type":"SearchAction","target":{"@type":"EntryPoint","urlTemplate":"https:\/\/www.fundigex.es\/fr\/?s={search_term_string}"},"query-input":"required name=search_term_string"}],"inLanguage":"de"},{"@type":"Organization","@id":"https:\/\/www.fundigex.es\/fr\/#organization","name":"FUNDIGEX","url":"https:\/\/www.fundigex.es\/fr\/","logo":{"@type":"ImageObject","inLanguage":"de","@id":"https:\/\/www.fundigex.es\/fr\/#\/schema\/logo\/image\/","url":"https:\/\/www.fundigex.es\/files\/2023\/07\/FUNDIGEX-LOGO-AltaResolucion.png","contentUrl":"https:\/\/www.fundigex.es\/files\/2023\/07\/FUNDIGEX-LOGO-AltaResolucion.png","width":3438,"height":1690,"caption":"FUNDIGEX"},"image":{"@id":"https:\/\/www.fundigex.es\/fr\/#\/schema\/logo\/image\/"},"sameAs":["https:\/\/www.linkedin.com\/company\/fundigex-castings-and-foundry-suppliers\/?viewAsMember=true"]}]}},"_links":{"self":[{"href":"https:\/\/www.fundigex.es\/de\/wp-json\/wp\/v2\/pages\/40368"}],"collection":[{"href":"https:\/\/www.fundigex.es\/de\/wp-json\/wp\/v2\/pages"}],"about":[{"href":"https:\/\/www.fundigex.es\/de\/wp-json\/wp\/v2\/types\/page"}],"author":[{"embeddable":true,"href":"https:\/\/www.fundigex.es\/de\/wp-json\/wp\/v2\/users\/2"}],"replies":[{"embeddable":true,"href":"https:\/\/www.fundigex.es\/de\/wp-json\/wp\/v2\/comments?post=40368"}],"version-history":[{"count":0,"href":"https:\/\/www.fundigex.es\/de\/wp-json\/wp\/v2\/pages\/40368\/revisions"}],"wp:attachment":[{"href":"https:\/\/www.fundigex.es\/de\/wp-json\/wp\/v2\/media?parent=40368"}],"curies":[{"name":"wp","href":"https:\/\/api.w.org\/{rel}","templated":true}]}}