	{"id":40328,"date":"2021-03-23T13:32:49","date_gmt":"2021-03-23T12:32:49","guid":{"rendered":"https:\/\/www.fundigex.es\/?page_id=40328"},"modified":"2021-03-23T13:40:56","modified_gmt":"2021-03-23T12:40:56","slug":"news-presse","status":"publish","type":"page","link":"https:\/\/www.fundigex.es\/de\/news-presse","title":{"rendered":"News &#038; Presse"},"content":{"rendered":"<p>[vc_row full_width=&#8220;stretch_row&#8220; bg_type=&#8220;image&#8220; parallax_style=&#8220;vcpb-default&#8220; bg_image_new=&#8220;id^37767|url^https:\/\/www.fundigex.es\/files\/2021\/01\/fondo-noticias-home-1.jpg|caption^null|alt^null|title^fondo-noticias-home|description^null&#8220; css=&#8220;.vc_custom_1613125381983{background-color: #8ba5ba !important;}&#8220;][vc_column width=&#8220;1\/4&#8243;]<div class=\"ult-spacer spacer-69e8bc2426736\" data-id=\"69e8bc2426736\" data-height=\"120\" data-height-mobile=\"20\" data-height-tab=\"\" data-height-tab-portrait=\"\" data-height-mobile-landscape=\"20\" style=\"clear:both;display:block;\"><\/div>[vc_single_image image=&#8220;38863&#8243; img_size=&#8220;120&#215;120&#8243; alignment=&#8220;center&#8220; onclick=&#8220;custom_link&#8220; link=&#8220;\/de\/news&#8220;][vc_separator color=&#8220;custom&#8220; el_width=&#8220;40&#8243; accent_color=&#8220;#f2692a&#8220; css=&#8220;.vc_custom_1613125487750{margin-bottom: 20px !important;padding-bottom: 0px !important;}&#8220;]<div id=\"ultimate-heading-26169e8bc24267ae\" class=\"uvc-heading ult-adjust-bottom-margin ultimate-heading-26169e8bc24267ae uvc-5109  uvc-heading-default-font-sizes\" data-hspacer=\"no_spacer\"  data-halign=\"center\" style=\"text-align:center\"><div class=\"uvc-heading-spacer no_spacer\" style=\"top\"><\/div><div class=\"uvc-sub-heading ult-responsive\"  data-ultimate-target='.uvc-heading.ultimate-heading-26169e8bc24267ae .uvc-sub-heading '  data-responsive-json-new='{\"font-size\":\"desktop:20px;\",\"line-height\":\"desktop:30px;\"}'  style=\"font-family:&#039;Epilogue&#039;;font-weight:700;color:#364f5b;\"><a href=\"\/de\/news\">News<\/a><\/div><\/div><div class=\"ult-spacer spacer-69e8bc242680b\" data-id=\"69e8bc242680b\" data-height=\"200\" data-height-mobile=\"0\" data-height-tab=\"\" data-height-tab-portrait=\"\" data-height-mobile-landscape=\"0\" style=\"clear:both;display:block;\"><\/div>[\/vc_column][vc_column width=&#8220;1\/4&#8243;]<div class=\"ult-spacer spacer-69e8bc2426824\" data-id=\"69e8bc2426824\" data-height=\"120\" data-height-mobile=\"20\" data-height-tab=\"\" data-height-tab-portrait=\"\" data-height-mobile-landscape=\"20\" style=\"clear:both;display:block;\"><\/div>[vc_single_image image=&#8220;38867&#8243; img_size=&#8220;120&#215;120&#8243; alignment=&#8220;center&#8220; onclick=&#8220;custom_link&#8220; link=&#8220;\/de\/presse&#8220;][vc_separator color=&#8220;custom&#8220; el_width=&#8220;40&#8243; accent_color=&#8220;#f2692a&#8220; css=&#8220;.vc_custom_1613125487750{margin-bottom: 20px !important;padding-bottom: 0px !important;}&#8220;]<div id=\"ultimate-heading-213669e8bc242684c\" class=\"uvc-heading ult-adjust-bottom-margin ultimate-heading-213669e8bc242684c uvc-7343  uvc-heading-default-font-sizes\" data-hspacer=\"no_spacer\"  data-halign=\"center\" style=\"text-align:center\"><div class=\"uvc-heading-spacer no_spacer\" style=\"top\"><\/div><div class=\"uvc-sub-heading ult-responsive\"  data-ultimate-target='.uvc-heading.ultimate-heading-213669e8bc242684c .uvc-sub-heading '  data-responsive-json-new='{\"font-size\":\"desktop:20px;\",\"line-height\":\"desktop:30px;\"}'  style=\"font-family:&#039;Epilogue&#039;;font-weight:700;color:#364f5b;\"><a href=\"\/de\/presse\">Fundigex in den Medien<\/a><\/div><\/div><div class=\"ult-spacer spacer-69e8bc2426887\" data-id=\"69e8bc2426887\" data-height=\"200\" data-height-mobile=\"0\" data-height-tab=\"\" data-height-tab-portrait=\"\" data-height-mobile-landscape=\"0\" style=\"clear:both;display:block;\"><\/div>[\/vc_column][vc_column width=&#8220;1\/4&#8243;]<div class=\"ult-spacer spacer-69e8bc242689c\" data-id=\"69e8bc242689c\" data-height=\"120\" data-height-mobile=\"20\" data-height-tab=\"\" data-height-tab-portrait=\"\" data-height-mobile-landscape=\"20\" style=\"clear:both;display:block;\"><\/div>[vc_single_image image=&#8220;38859&#8243; img_size=&#8220;120&#215;120&#8243; alignment=&#8220;center&#8220; onclick=&#8220;custom_link&#8220; link=&#8220;\/de\/jahresbericht&#8220;][vc_separator color=&#8220;custom&#8220; el_width=&#8220;40&#8243; accent_color=&#8220;#f2692a&#8220; css=&#8220;.vc_custom_1613125487750{margin-bottom: 20px !important;padding-bottom: 0px !important;}&#8220;]<div id=\"ultimate-heading-376769e8bc24268c0\" class=\"uvc-heading ult-adjust-bottom-margin ultimate-heading-376769e8bc24268c0 uvc-5862  uvc-heading-default-font-sizes\" data-hspacer=\"no_spacer\"  data-halign=\"center\" style=\"text-align:center\"><div class=\"uvc-heading-spacer no_spacer\" style=\"top\"><\/div><div class=\"uvc-sub-heading ult-responsive\"  data-ultimate-target='.uvc-heading.ultimate-heading-376769e8bc24268c0 .uvc-sub-heading '  data-responsive-json-new='{\"font-size\":\"desktop:20px;\",\"line-height\":\"desktop:30px;\"}'  style=\"font-family:&#039;Epilogue&#039;;font-weight:700;color:#364f5b;\"><a href=\"\/de\/jahresbericht\">Jahresbericht<\/a><\/div><\/div><div class=\"ult-spacer spacer-69e8bc24268f7\" data-id=\"69e8bc24268f7\" data-height=\"200\" data-height-mobile=\"0\" data-height-tab=\"\" data-height-tab-portrait=\"\" data-height-mobile-landscape=\"0\" style=\"clear:both;display:block;\"><\/div>[\/vc_column][vc_column width=&#8220;1\/4&#8243;]<div class=\"ult-spacer spacer-69e8bc2426916\" data-id=\"69e8bc2426916\" data-height=\"120\" data-height-mobile=\"20\" data-height-tab=\"\" data-height-tab-portrait=\"\" data-height-mobile-landscape=\"20\" style=\"clear:both;display:block;\"><\/div>[vc_single_image image=&#8220;38855&#8243; img_size=&#8220;120&#215;120&#8243; alignment=&#8220;center&#8220; onclick=&#8220;custom_link&#8220; link=&#8220;\/de\/links&#8220;][vc_separator color=&#8220;custom&#8220; el_width=&#8220;40&#8243; accent_color=&#8220;#f2692a&#8220; css=&#8220;.vc_custom_1613125487750{margin-bottom: 20px !important;padding-bottom: 0px !important;}&#8220;]<div id=\"ultimate-heading-881169e8bc242693f\" class=\"uvc-heading ult-adjust-bottom-margin ultimate-heading-881169e8bc242693f uvc-315  uvc-heading-default-font-sizes\" data-hspacer=\"no_spacer\"  data-halign=\"center\" style=\"text-align:center\"><div class=\"uvc-heading-spacer no_spacer\" style=\"top\"><\/div><div class=\"uvc-sub-heading ult-responsive\"  data-ultimate-target='.uvc-heading.ultimate-heading-881169e8bc242693f .uvc-sub-heading '  data-responsive-json-new='{\"font-size\":\"desktop:20px;\",\"line-height\":\"desktop:30px;\"}'  style=\"font-family:&#039;Epilogue&#039;;font-weight:700;color:#364f5b;\"><a href=\"\/de\/links\">Unsere Kooperationspartner<\/a><\/div><\/div><div class=\"ult-spacer spacer-69e8bc242696a\" data-id=\"69e8bc242696a\" data-height=\"200\" data-height-mobile=\"0\" data-height-tab=\"\" data-height-tab-portrait=\"\" data-height-mobile-landscape=\"0\" style=\"clear:both;display:block;\"><\/div>[\/vc_column][\/vc_row]<\/p>\n","protected":false},"excerpt":{"rendered":"<p>[vc_row full_width=&#8220;stretch_row&#8220; bg_type=&#8220;image&#8220; parallax_style=&#8220;vcpb-default&#8220; bg_image_new=&#8220;id^37767|url^https:\/\/www.fundigex.es\/files\/2021\/01\/fondo-noticias-home-1.jpg|caption^null|alt^null|title^fondo-noticias-home|description^null&#8220; css=&#8220;.vc_custom_1613125381983{background-color: #8ba5ba !important;}&#8220;][vc_column width=&#8220;1\/4&#8243;][vc_single_image image=&#8220;38863&#8243; img_size=&#8220;120&#215;120&#8243; alignment=&#8220;center&#8220; onclick=&#8220;custom_link&#8220; link=&#8220;\/de\/news&#8220;][vc_separator color=&#8220;custom&#8220; el_width=&#8220;40&#8243; accent_color=&#8220;#f2692a&#8220; css=&#8220;.vc_custom_1613125487750{margin-bottom: 20px !important;padding-bottom: 0px !important;}&#8220;][\/vc_column][vc_column width=&#8220;1\/4&#8243;][vc_single_image image=&#8220;38867&#8243; img_size=&#8220;120&#215;120&#8243; alignment=&#8220;center&#8220; onclick=&#8220;custom_link&#8220; link=&#8220;\/de\/presse&#8220;][vc_separator color=&#8220;custom&#8220; el_width=&#8220;40&#8243; accent_color=&#8220;#f2692a&#8220; css=&#8220;.vc_custom_1613125487750{margin-bottom: 20px !important;padding-bottom: 0px !important;}&#8220;][\/vc_column][vc_column width=&#8220;1\/4&#8243;][vc_single_image image=&#8220;38859&#8243; img_size=&#8220;120&#215;120&#8243; alignment=&#8220;center&#8220; onclick=&#8220;custom_link&#8220; link=&#8220;\/de\/jahresbericht&#8220;][vc_separator color=&#8220;custom&#8220; el_width=&#8220;40&#8243; accent_color=&#8220;#f2692a&#8220; css=&#8220;.vc_custom_1613125487750{margin-bottom: 20px !important;padding-bottom: 0px !important;}&#8220;][\/vc_column][vc_column width=&#8220;1\/4&#8243;][vc_single_image image=&#8220;38855&#8243; img_size=&#8220;120&#215;120&#8243; alignment=&#8220;center&#8220; onclick=&#8220;custom_link&#8220;&hellip;<\/p>\n","protected":false},"author":2,"featured_media":0,"parent":0,"menu_order":125,"comment_status":"closed","ping_status":"closed","template":"","meta":[],"acf":[],"yoast_head":"<!-- This site is optimized with the Yoast SEO plugin v20.1 - https:\/\/yoast.com\/wordpress\/plugins\/seo\/ -->\n<title>News &amp; Presse - FUNDIGEX<\/title>\n<meta name=\"robots\" content=\"index, follow, max-snippet:-1, max-image-preview:large, max-video-preview:-1\" \/>\n<link rel=\"canonical\" href=\"https:\/\/www.fundigex.es\/de\/news-presse\" \/>\n<meta property=\"og:locale\" content=\"de_DE\" \/>\n<meta property=\"og:type\" content=\"article\" \/>\n<meta property=\"og:title\" content=\"News &amp; Presse - FUNDIGEX\" \/>\n<meta property=\"og:description\" content=\"[vc_row full_width=&#8220;stretch_row&#8220; bg_type=&#8220;image&#8220; parallax_style=&#8220;vcpb-default&#8220; bg_image_new=&#8220;id^37767|url^https:\/\/www.fundigex.es\/files\/2021\/01\/fondo-noticias-home-1.jpg|caption^null|alt^null|title^fondo-noticias-home|description^null&#8220; css=&#8220;.vc_custom_1613125381983{background-color: #8ba5ba !important;}&#8220;][vc_column width=&#8220;1\/4&#8243;][vc_single_image image=&#8220;38863&#8243; img_size=&#8220;120&#215;120&#8243; alignment=&#8220;center&#8220; onclick=&#8220;custom_link&#8220; link=&#8220;\/de\/news&#8220;][vc_separator color=&#8220;custom&#8220; el_width=&#8220;40&#8243; accent_color=&#8220;#f2692a&#8220; css=&#8220;.vc_custom_1613125487750{margin-bottom: 20px !important;padding-bottom: 0px !important;}&#8220;][\/vc_column][vc_column width=&#8220;1\/4&#8243;][vc_single_image image=&#8220;38867&#8243; img_size=&#8220;120&#215;120&#8243; alignment=&#8220;center&#8220; onclick=&#8220;custom_link&#8220; link=&#8220;\/de\/presse&#8220;][vc_separator color=&#8220;custom&#8220; el_width=&#8220;40&#8243; accent_color=&#8220;#f2692a&#8220; css=&#8220;.vc_custom_1613125487750{margin-bottom: 20px !important;padding-bottom: 0px !important;}&#8220;][\/vc_column][vc_column width=&#8220;1\/4&#8243;][vc_single_image image=&#8220;38859&#8243; img_size=&#8220;120&#215;120&#8243; alignment=&#8220;center&#8220; onclick=&#8220;custom_link&#8220; link=&#8220;\/de\/jahresbericht&#8220;][vc_separator color=&#8220;custom&#8220; el_width=&#8220;40&#8243; accent_color=&#8220;#f2692a&#8220; css=&#8220;.vc_custom_1613125487750{margin-bottom: 20px !important;padding-bottom: 0px !important;}&#8220;][\/vc_column][vc_column width=&#8220;1\/4&#8243;][vc_single_image image=&#8220;38855&#8243; img_size=&#8220;120&#215;120&#8243; alignment=&#8220;center&#8220; onclick=&#8220;custom_link&#8220;&hellip;\" \/>\n<meta property=\"og:url\" content=\"https:\/\/www.fundigex.es\/de\/news-presse\" \/>\n<meta property=\"og:site_name\" content=\"FUNDIGEX\" \/>\n<meta property=\"article:modified_time\" content=\"2021-03-23T12:40:56+00:00\" \/>\n<meta name=\"twitter:card\" content=\"summary_large_image\" \/>\n<meta name=\"twitter:label1\" content=\"Gesch\u00e4tzte Lesezeit\" \/>\n\t<meta name=\"twitter:data1\" content=\"1\u00a0Minute\" \/>\n<script type=\"application\/ld+json\" class=\"yoast-schema-graph\">{\"@context\":\"https:\/\/schema.org\",\"@graph\":[{\"@type\":\"WebPage\",\"@id\":\"https:\/\/www.fundigex.es\/de\/news-presse\",\"url\":\"https:\/\/www.fundigex.es\/de\/news-presse\",\"name\":\"News & Presse - FUNDIGEX\",\"isPartOf\":{\"@id\":\"https:\/\/www.fundigex.es\/fr\/#website\"},\"datePublished\":\"2021-03-23T12:32:49+00:00\",\"dateModified\":\"2021-03-23T12:40:56+00:00\",\"breadcrumb\":{\"@id\":\"https:\/\/www.fundigex.es\/de\/news-presse#breadcrumb\"},\"inLanguage\":\"de\",\"potentialAction\":[{\"@type\":\"ReadAction\",\"target\":[\"https:\/\/www.fundigex.es\/de\/news-presse\"]}]},{\"@type\":\"BreadcrumbList\",\"@id\":\"https:\/\/www.fundigex.es\/de\/news-presse#breadcrumb\",\"itemListElement\":[{\"@type\":\"ListItem\",\"position\":1,\"name\":\"Portada\",\"item\":\"https:\/\/www.fundigex.es\/de\"},{\"@type\":\"ListItem\",\"position\":2,\"name\":\"News &#038; Presse\"}]},{\"@type\":\"WebSite\",\"@id\":\"https:\/\/www.fundigex.es\/fr\/#website\",\"url\":\"https:\/\/www.fundigex.es\/fr\/\",\"name\":\"FUNDIGEX\",\"description\":\"Asociaci\u00f3n Espa\u00f1ola de Exportadores de Fundici\u00f3n\",\"publisher\":{\"@id\":\"https:\/\/www.fundigex.es\/fr\/#organization\"},\"potentialAction\":[{\"@type\":\"SearchAction\",\"target\":{\"@type\":\"EntryPoint\",\"urlTemplate\":\"https:\/\/www.fundigex.es\/fr\/?s={search_term_string}\"},\"query-input\":\"required name=search_term_string\"}],\"inLanguage\":\"de\"},{\"@type\":\"Organization\",\"@id\":\"https:\/\/www.fundigex.es\/fr\/#organization\",\"name\":\"FUNDIGEX\",\"url\":\"https:\/\/www.fundigex.es\/fr\/\",\"logo\":{\"@type\":\"ImageObject\",\"inLanguage\":\"de\",\"@id\":\"https:\/\/www.fundigex.es\/fr\/#\/schema\/logo\/image\/\",\"url\":\"https:\/\/www.fundigex.es\/files\/2023\/07\/FUNDIGEX-LOGO-AltaResolucion.png\",\"contentUrl\":\"https:\/\/www.fundigex.es\/files\/2023\/07\/FUNDIGEX-LOGO-AltaResolucion.png\",\"width\":3438,\"height\":1690,\"caption\":\"FUNDIGEX\"},\"image\":{\"@id\":\"https:\/\/www.fundigex.es\/fr\/#\/schema\/logo\/image\/\"},\"sameAs\":[\"https:\/\/www.linkedin.com\/company\/fundigex-castings-and-foundry-suppliers\/?viewAsMember=true\"]}]}<\/script>\n<!-- \/ Yoast SEO plugin. -->","yoast_head_json":{"title":"News & Presse - FUNDIGEX","robots":{"index":"index","follow":"follow","max-snippet":"max-snippet:-1","max-image-preview":"max-image-preview:large","max-video-preview":"max-video-preview:-1"},"canonical":"https:\/\/www.fundigex.es\/de\/news-presse","og_locale":"de_DE","og_type":"article","og_title":"News & Presse - FUNDIGEX","og_description":"[vc_row full_width=&#8220;stretch_row&#8220; bg_type=&#8220;image&#8220; parallax_style=&#8220;vcpb-default&#8220; bg_image_new=&#8220;id^37767|url^https:\/\/www.fundigex.es\/files\/2021\/01\/fondo-noticias-home-1.jpg|caption^null|alt^null|title^fondo-noticias-home|description^null&#8220; css=&#8220;.vc_custom_1613125381983{background-color: #8ba5ba !important;}&#8220;][vc_column width=&#8220;1\/4&#8243;][vc_single_image image=&#8220;38863&#8243; img_size=&#8220;120&#215;120&#8243; alignment=&#8220;center&#8220; onclick=&#8220;custom_link&#8220; link=&#8220;\/de\/news&#8220;][vc_separator color=&#8220;custom&#8220; el_width=&#8220;40&#8243; accent_color=&#8220;#f2692a&#8220; css=&#8220;.vc_custom_1613125487750{margin-bottom: 20px !important;padding-bottom: 0px !important;}&#8220;][\/vc_column][vc_column width=&#8220;1\/4&#8243;][vc_single_image image=&#8220;38867&#8243; img_size=&#8220;120&#215;120&#8243; alignment=&#8220;center&#8220; onclick=&#8220;custom_link&#8220; link=&#8220;\/de\/presse&#8220;][vc_separator color=&#8220;custom&#8220; el_width=&#8220;40&#8243; accent_color=&#8220;#f2692a&#8220; css=&#8220;.vc_custom_1613125487750{margin-bottom: 20px !important;padding-bottom: 0px !important;}&#8220;][\/vc_column][vc_column width=&#8220;1\/4&#8243;][vc_single_image image=&#8220;38859&#8243; img_size=&#8220;120&#215;120&#8243; alignment=&#8220;center&#8220; onclick=&#8220;custom_link&#8220; link=&#8220;\/de\/jahresbericht&#8220;][vc_separator color=&#8220;custom&#8220; el_width=&#8220;40&#8243; accent_color=&#8220;#f2692a&#8220; css=&#8220;.vc_custom_1613125487750{margin-bottom: 20px !important;padding-bottom: 0px !important;}&#8220;][\/vc_column][vc_column width=&#8220;1\/4&#8243;][vc_single_image image=&#8220;38855&#8243; img_size=&#8220;120&#215;120&#8243; alignment=&#8220;center&#8220; onclick=&#8220;custom_link&#8220;&hellip;","og_url":"https:\/\/www.fundigex.es\/de\/news-presse","og_site_name":"FUNDIGEX","article_modified_time":"2021-03-23T12:40:56+00:00","twitter_card":"summary_large_image","twitter_misc":{"Gesch\u00e4tzte Lesezeit":"1\u00a0Minute"},"schema":{"@context":"https:\/\/schema.org","@graph":[{"@type":"WebPage","@id":"https:\/\/www.fundigex.es\/de\/news-presse","url":"https:\/\/www.fundigex.es\/de\/news-presse","name":"News & Presse - FUNDIGEX","isPartOf":{"@id":"https:\/\/www.fundigex.es\/fr\/#website"},"datePublished":"2021-03-23T12:32:49+00:00","dateModified":"2021-03-23T12:40:56+00:00","breadcrumb":{"@id":"https:\/\/www.fundigex.es\/de\/news-presse#breadcrumb"},"inLanguage":"de","potentialAction":[{"@type":"ReadAction","target":["https:\/\/www.fundigex.es\/de\/news-presse"]}]},{"@type":"BreadcrumbList","@id":"https:\/\/www.fundigex.es\/de\/news-presse#breadcrumb","itemListElement":[{"@type":"ListItem","position":1,"name":"Portada","item":"https:\/\/www.fundigex.es\/de"},{"@type":"ListItem","position":2,"name":"News &#038; Presse"}]},{"@type":"WebSite","@id":"https:\/\/www.fundigex.es\/fr\/#website","url":"https:\/\/www.fundigex.es\/fr\/","name":"FUNDIGEX","description":"Asociaci\u00f3n Espa\u00f1ola de Exportadores de Fundici\u00f3n","publisher":{"@id":"https:\/\/www.fundigex.es\/fr\/#organization"},"potentialAction":[{"@type":"SearchAction","target":{"@type":"EntryPoint","urlTemplate":"https:\/\/www.fundigex.es\/fr\/?s={search_term_string}"},"query-input":"required name=search_term_string"}],"inLanguage":"de"},{"@type":"Organization","@id":"https:\/\/www.fundigex.es\/fr\/#organization","name":"FUNDIGEX","url":"https:\/\/www.fundigex.es\/fr\/","logo":{"@type":"ImageObject","inLanguage":"de","@id":"https:\/\/www.fundigex.es\/fr\/#\/schema\/logo\/image\/","url":"https:\/\/www.fundigex.es\/files\/2023\/07\/FUNDIGEX-LOGO-AltaResolucion.png","contentUrl":"https:\/\/www.fundigex.es\/files\/2023\/07\/FUNDIGEX-LOGO-AltaResolucion.png","width":3438,"height":1690,"caption":"FUNDIGEX"},"image":{"@id":"https:\/\/www.fundigex.es\/fr\/#\/schema\/logo\/image\/"},"sameAs":["https:\/\/www.linkedin.com\/company\/fundigex-castings-and-foundry-suppliers\/?viewAsMember=true"]}]}},"_links":{"self":[{"href":"https:\/\/www.fundigex.es\/de\/wp-json\/wp\/v2\/pages\/40328"}],"collection":[{"href":"https:\/\/www.fundigex.es\/de\/wp-json\/wp\/v2\/pages"}],"about":[{"href":"https:\/\/www.fundigex.es\/de\/wp-json\/wp\/v2\/types\/page"}],"author":[{"embeddable":true,"href":"https:\/\/www.fundigex.es\/de\/wp-json\/wp\/v2\/users\/2"}],"replies":[{"embeddable":true,"href":"https:\/\/www.fundigex.es\/de\/wp-json\/wp\/v2\/comments?post=40328"}],"version-history":[{"count":0,"href":"https:\/\/www.fundigex.es\/de\/wp-json\/wp\/v2\/pages\/40328\/revisions"}],"wp:attachment":[{"href":"https:\/\/www.fundigex.es\/de\/wp-json\/wp\/v2\/media?parent=40328"}],"curies":[{"name":"wp","href":"https:\/\/api.w.org\/{rel}","templated":true}]}}